{"id":6,"date":"2024-04-08T18:50:00","date_gmt":"2024-04-08T18:50:00","guid":{"rendered":"https:\/\/perfect-maderocenter.com\/?page_id=6"},"modified":"2024-08-21T16:16:03","modified_gmt":"2024-08-21T16:16:03","slug":"perfect-madero","status":"publish","type":"page","link":"https:\/\/perfect-maderocenter.com\/en\/","title":{"rendered":"Perfect Madero"},"content":{"rendered":"\r\n<div class=\"banner\">\r\n    <div class=\"overlay\"><\/div>\r\n\r\n    <img decoding=\"async\" src=\"https:\/\/perfect-maderocenter.com\/wp-content\/uploads\/2024\/08\/foto_19-1-scaled.jpg\" alt=\"banner-img\">\r\n\r\n    <div class=\"texts\">\r\n        <p class=\"text\">Perfect Madero Center<\/p>\r\n    <\/div>\r\n<\/div>\r\n\r\n<script>\r\n    window.addEventListener(\"DOMContentLoaded\", () => {\r\n        const text = new SplitType(\".banner .texts .text\");\r\n\r\n        gsap.to(\".char\", {\r\n            y: 0,\r\n            stagger: 0.1,\r\n            delay: 0.1,\r\n            duration: 1,\r\n        });\r\n    });\r\n<\/script>\r\n\r\n\n\n\r\n<section class=\"text-content-block\">\r\n    <div class=\"container\">\r\n        <div class=\"text-content\">\r\n                            <img decoding=\"async\" src=\"https:\/\/perfect-maderocenter.com\/wp-content\/uploads\/2024\/04\/flower-2-1.png\" alt=\"image\" \/>\r\n            \r\n                            <h1 class=\"main-title\">PERFECT MADERO<\/h1>\r\n            \r\n                            <span class=\"gold-text\">100% Natural. 100% Original. 100% Results <\/span>\r\n            \r\n                            <div class=\"description\">\r\n                    <p>At Perfect Madero Center, we are committed to helping you achieve your dream body and healthy lifestyle. Our team of certified consultants specializes in Maderotherapy and body transformation.<\/p>\r\n                <\/div>\r\n                    <\/div>\r\n    <\/div>\r\n<\/section>\r\n\r\n\n\n\n<div style=\"display: flex; justify-content: center; align-items: center;\"><a class=\"btn btn-primary\" style=\"margin-bottom: 75px\" href=\"#contact-us\">Contact Us<\/a><\/div>\n\n\n    <div class=\"left-right-content image-right\">\r\n\r\n                    <img decoding=\"async\" src=\"https:\/\/perfect-maderocenter.com\/wp-content\/uploads\/2024\/08\/387560672_1303159900357956_3195835144477877558_n.jpg\" alt=\"image\" class=\"large-image\">\r\n        \r\n        <div>\r\n                            <img decoding=\"async\" src=\"https:\/\/perfect-maderocenter.com\/wp-content\/uploads\/2024\/04\/flower-2-1.png\" alt=\"small-image\">\r\n            \r\n                            <h2 class=\"block-title\">MADEROTHERAPY<\/h2>\r\n            \r\n                            <p>Maderotherapy is a natural massage technique that uses specially designed wooden tools to improve blood circulation, reduce cellulite, and promote lymphatic drainage. This holistic approach not only helps in body contouring and muscle relaxation but also enhances skin tone and overall well-being. Known for its safety and minimal side effects, Maderotherapy is a non-invasive alternative to traditional massage and equipment-based treatments, making it an ideal choice for those seeking natural rejuvenation.<\/p>\r\n            \r\n                            <a href=\"https:\/\/perfect-maderocenter.com\/maderotherapy\/\" class=\"btn btn-primary\">MORE INFO<\/a>\r\n                    <\/div>\r\n    <\/div>\r\n\n\n    <div class=\"left-right-content image-left\">\r\n\r\n                    <img decoding=\"async\" src=\"https:\/\/perfect-maderocenter.com\/wp-content\/uploads\/2024\/08\/387561872_2439329372921340_3603740603249779_n-e1723725985399.jpg\" alt=\"image\" class=\"large-image\">\r\n        \r\n        <div>\r\n                            <img decoding=\"async\" src=\"https:\/\/perfect-maderocenter.com\/wp-content\/uploads\/2024\/04\/flower-2-1.png\" alt=\"small-image\">\r\n            \r\n                            <h2 class=\"block-title\">X-BODY<\/h2>\r\n            \r\n                            <p>XBody EMS Training is an innovative workout method that uses Electrical Muscle Stimulation (EMS) to activate up to 90% of your muscles, providing a highly efficient, full-body workout in just 20 minutes. It&#8217;s gentle on the joints, making it suitable for all fitness levels and ideal for muscle strengthening, toning, and fat reduction. Whether you&#8217;re looking to build muscle, improve endurance, or recover from injuries, XBody EMS offers a personalized and effective solution for achieving your fitness goals.<\/p>\r\n            \r\n                            <a href=\"https:\/\/perfect-maderocenter.com\/x-body\/\" class=\"btn btn-primary\">MORE INFO<\/a>\r\n                    <\/div>\r\n    <\/div>\r\n\n\n    <div class=\"left-right-content image-right\">\r\n\r\n                    <img decoding=\"async\" src=\"https:\/\/perfect-maderocenter.com\/wp-content\/uploads\/2024\/08\/IMG_0483-e1724188480653.jpeg\" alt=\"image\" class=\"large-image\">\r\n        \r\n        <div>\r\n                            <img decoding=\"async\" src=\"https:\/\/perfect-maderocenter.com\/wp-content\/uploads\/2024\/04\/flower-2-1.png\" alt=\"small-image\">\r\n            \r\n                            <h2 class=\"block-title\">BRAZILIAN LYMPHATIC DRAINAGE<\/h2>\r\n            \r\n                            <p>Brazilian Lymphatic Drainage is a gentle massage technique that stimulates the lymphatic system, helping to reduce swelling, eliminate toxins, and improve circulation. It delivers visible results after just one session, making it effective for reducing water retention and enhancing body contour. This non-invasive treatment also supports immune function and promotes relaxation, offering a holistic approach to wellness. Suitable for all ages, it&#8217;s an ideal way to enhance health and appearance naturally.<\/p>\r\n            \r\n                            <a href=\"https:\/\/perfect-maderocenter.com\/brazillian-lymphatic-drainage\/\" class=\"btn btn-primary\">MORE INFO<\/a>\r\n                    <\/div>\r\n    <\/div>\r\n\n\n\r\n<section class=\"gallery\">\r\n    <img decoding=\"async\" class=\"background-image\" src=\"https:\/\/perfect-maderocenter.com\/wp-content\/uploads\/2024\/04\/image-4.jpg\" alt=\"background-image\">\r\n    <div class=\"container\">\r\n        <div class=\"gallery-content\">\r\n            <h2 class=\"main-title\">Before &#038; After<\/h2>\r\n            <span class=\"gold-text\">BEFORE AND AFTER PICTURES OF OUR PATIENTS<\/span>\r\n\r\n            <div class=\"images\">\r\n                                    <div class=\"image\">\r\n                        <img decoding=\"async\" src=\"https:\/\/perfect-maderocenter.com\/wp-content\/uploads\/2024\/04\/image-10-e1724256844164.jpg\" alt=\"gallery-image-0\" data-index=\"0\">\r\n                    <\/div>\r\n                                    <div class=\"image\">\r\n                        <img decoding=\"async\" src=\"https:\/\/perfect-maderocenter.com\/wp-content\/uploads\/2024\/08\/before-after1-e1724256874404.webp\" alt=\"gallery-image-1\" data-index=\"1\">\r\n                    <\/div>\r\n                                    <div class=\"image\">\r\n                        <img decoding=\"async\" src=\"https:\/\/perfect-maderocenter.com\/wp-content\/uploads\/2024\/04\/image-9-e1724256918668.jpg\" alt=\"gallery-image-2\" data-index=\"2\">\r\n                    <\/div>\r\n                                    <div class=\"image\">\r\n                        <img decoding=\"async\" src=\"https:\/\/perfect-maderocenter.com\/wp-content\/uploads\/2024\/04\/image-8-e1724256931654.jpg\" alt=\"gallery-image-3\" data-index=\"3\">\r\n                    <\/div>\r\n                                    <div class=\"image\">\r\n                        <img decoding=\"async\" src=\"https:\/\/perfect-maderocenter.com\/wp-content\/uploads\/2024\/04\/image-7-e1724256945438.jpg\" alt=\"gallery-image-4\" data-index=\"4\">\r\n                    <\/div>\r\n                                    <div class=\"image\">\r\n                        <img decoding=\"async\" src=\"https:\/\/perfect-maderocenter.com\/wp-content\/uploads\/2024\/04\/image-5-e1724256956666.jpg\" alt=\"gallery-image-5\" data-index=\"5\">\r\n                    <\/div>\r\n                            <\/div>\r\n        <\/div>\r\n    <\/div>\r\n<\/section>\r\n\r\n\n\n    <section class=\"contact\" id=\"contact-us\">\r\n\r\n                    <img decoding=\"async\" class=\"background-image\" src=\"https:\/\/perfect-maderocenter.com\/wp-content\/uploads\/2024\/04\/image-11.jpg\" alt=\"contact-background-image\">\r\n        \r\n        <div class=\"container\">\r\n            <div class=\"contact-content\">\r\n                                    <h2 class=\"main-title\">Contact<\/h2>\r\n                \r\n                                    <span class=\"gold-text\">GET IN TOUCH WITH US<\/span>\r\n                \r\n                <div class=\"box\">\r\n\r\n                                            <img decoding=\"async\" src=\"https:\/\/perfect-maderocenter.com\/wp-content\/uploads\/2024\/08\/WhatsApp_Image_2024-08-15_at_09.03.09-removebg-preview-e1723729171431.png\" alt=\"small-image\">\r\n                    \r\n                                            <div class=\"contact\">\r\n                            \n<div class=\"wpcf7 no-js\" id=\"wpcf7-f132-o1\" lang=\"en-US\" dir=\"ltr\">\n<div class=\"screen-reader-response\"><p role=\"status\" aria-live=\"polite\" aria-atomic=\"true\"><\/p> <ul><\/ul><\/div>\n<form action=\"\/en\/wp-json\/wp\/v2\/pages\/6#wpcf7-f132-o1\" method=\"post\" class=\"wpcf7-form init\" aria-label=\"Contact form\" novalidate=\"novalidate\" data-status=\"init\">\n<div style=\"display: none;\">\n<input type=\"hidden\" name=\"_wpcf7\" value=\"132\" \/>\n<input type=\"hidden\" name=\"_wpcf7_version\" value=\"5.9.3\" \/>\n<input type=\"hidden\" name=\"_wpcf7_locale\" value=\"en_US\" \/>\n<input type=\"hidden\" name=\"_wpcf7_unit_tag\" value=\"wpcf7-f132-o1\" \/>\n<input type=\"hidden\" name=\"_wpcf7_container_post\" value=\"0\" \/>\n<input type=\"hidden\" name=\"_wpcf7_posted_data_hash\" value=\"\" \/>\n<\/div>\n<div class=\"row\">\n\t<p><label> Name<br \/>\n<span class=\"wpcf7-form-control-wrap\" data-name=\"your-name\"><input size=\"40\" class=\"wpcf7-form-control wpcf7-text wpcf7-validates-as-required\" autocomplete=\"name\" aria-required=\"true\" aria-invalid=\"false\" value=\"\" type=\"text\" name=\"your-name\" \/><\/span> <\/label>\n\t<\/p>\n\t<p><label> Last Name<br \/>\n<span class=\"wpcf7-form-control-wrap\" data-name=\"Lastname\"><input size=\"40\" class=\"wpcf7-form-control wpcf7-text wpcf7-validates-as-required\" autocomplete=\"lastname\" aria-required=\"true\" aria-invalid=\"false\" value=\"\" type=\"text\" name=\"Lastname\" \/><\/span> <\/label>\n\t<\/p>\n<\/div>\n<div class=\"row\">\n\t<p><label> E-mail<br \/>\n<span class=\"wpcf7-form-control-wrap\" data-name=\"email\"><input size=\"40\" class=\"wpcf7-form-control wpcf7-email wpcf7-validates-as-required wpcf7-text wpcf7-validates-as-email\" autocomplete=\"email\" aria-required=\"true\" aria-invalid=\"false\" value=\"\" type=\"email\" name=\"email\" \/><\/span> <\/label>\n\t<\/p>\n\t<p><label> Phone Number<br \/>\n<span class=\"wpcf7-form-control-wrap\" data-name=\"phone\"><input size=\"40\" class=\"wpcf7-form-control wpcf7-tel wpcf7-text wpcf7-validates-as-tel\" autocomplete=\"phone\" aria-invalid=\"false\" value=\"\" type=\"tel\" name=\"phone\" \/><\/span> <\/label>\n\t<\/p>\n<\/div>\n<div class=\"row\">\n\t<p><label> Choose Treatment<br \/>\n<span class=\"wpcf7-form-control-wrap\" data-name=\"treatment\"><select class=\"wpcf7-form-control wpcf7-select wpcf7-validates-as-required\" aria-required=\"true\" aria-invalid=\"false\" name=\"treatment\"><option value=\"MADEROTHERAPY\">MADEROTHERAPY<\/option><option value=\"X-BODY\">X-BODY<\/option><option value=\"BRAZILLIAN LYMPHATIC DRAINAGE\">BRAZILLIAN LYMPHATIC DRAINAGE<\/option><\/select><\/span> <\/label>\n\t<\/p>\n<\/div>\n<div class=\"row\">\n\t<p><label> Additional Information<br \/>\n<span class=\"wpcf7-form-control-wrap\" data-name=\"textarea\"><textarea cols=\"40\" rows=\"10\" class=\"wpcf7-form-control wpcf7-textarea\" aria-invalid=\"false\" name=\"textarea\"><\/textarea><\/span> <\/label>\n\t<\/p>\n<\/div>\n<p><input class=\"wpcf7-form-control wpcf7-submit has-spinner\" type=\"submit\" value=\"BOOK NOW\" \/>\n<\/p><div class=\"wpcf7-response-output\" aria-hidden=\"true\"><\/div>\n<\/form>\n<\/div>\n                        <\/div>\r\n                                    <\/div>\r\n\r\n                                    \r\n<div class=\"locations\">\r\n            <div class=\"location\">\r\n            <strong class=\"title\">Perfect Madero Las Terrenas<\/strong>\r\n            <span class=\"address\">8F85+PQQ, Las Terrenas 32000, Dominican Republic<\/span>\r\n            <div class=\"email\">\r\n                <i class=\"fa-solid fa-envelope\"><\/i>\r\n                <a href=\"mailto:info@perfect-maderocenter.com\">info@perfect-maderocenter.com<\/a>\r\n            <\/div>\r\n            <div class=\"phone\">\r\n                <i class=\"fa-solid fa-phone\"><\/i>\r\n                <a href=\"tel:+1 (829) 629-2391\">+1 (829) 629-2391<\/a>\r\n            <\/div>\r\n\r\n            <div class=\"google-maps\">\r\n                <iframe src=\"https:\/\/www.google.com\/maps\/embed?pb=!1m18!1m12!1m3!1d3765.207025591279!2d-69.540516!3d19.316820799999995!2m3!1f0!2f0!3f0!3m2!1i1024!2i768!4f13.1!3m3!1m2!1s0x8eaefb2edae79be1%3A0x3142fb3fecf9c49d!2sPerfect%20Madero%20Center%20Las%20Terrenas!5e0!3m2!1ssl!2ssi!4v1715243047479!5m2!1ssl!2ssi\" width=\"600\" height=\"450\" style=\"border:0;\" allowfullscreen=\"\" loading=\"lazy\" referrerpolicy=\"no-referrer-when-downgrade\"><\/iframe>            <\/div>\r\n        <\/div>\r\n            <div class=\"location\">\r\n            <strong class=\"title\">Perfect Madero Maribor<\/strong>\r\n            <span class=\"address\">Ulica \u0161kofa Maksimilijana Dr\u017ee\u010dnika 11, 2000 <br> Maribor, Slovenia<\/span>\r\n            <div class=\"email\">\r\n                <i class=\"fa-solid fa-envelope\"><\/i>\r\n                <a href=\"mailto:info@maderoterapija.si\">info@maderoterapija.si<\/a>\r\n            <\/div>\r\n            <div class=\"phone\">\r\n                <i class=\"fa-solid fa-phone\"><\/i>\r\n                <a href=\"tel:+386 31 445-802\">+386 31 445-802<\/a>\r\n            <\/div>\r\n\r\n            <div class=\"google-maps\">\r\n                <iframe src=\"https:\/\/www.google.com\/maps\/embed?pb=!1m18!1m12!1m3!1d2743.384746857837!2d15.647894977580748!3d46.55985637111293!2m3!1f0!2f0!3f0!3m2!1i1024!2i768!4f13.1!3m3!1m2!1s0x476f77a6800e6439%3A0xf939013517549df7!2sPerfectMadero%20Maderotherapy!5e0!3m2!1ssl!2ssi!4v1713428585248!5m2!1ssl!2ssi\" width=\"600\" height=\"450\" style=\"border:0;\" allowfullscreen=\"\" loading=\"lazy\" referrerpolicy=\"no-referrer-when-downgrade\"><\/iframe>            <\/div>\r\n        <\/div>\r\n    <\/div>\r\n                            <\/div>\r\n        <\/div>\r\n    <\/section>\r\n","protected":false},"excerpt":{"rendered":"<p>Contact Us<\/p>\n","protected":false},"author":1,"featured_media":0,"parent":0,"menu_order":0,"comment_status":"closed","ping_status":"closed","template":"","meta":{"footnotes":""},"acf":[],"_links":{"self":[{"href":"https:\/\/perfect-maderocenter.com\/en\/wp-json\/wp\/v2\/pages\/6"}],"collection":[{"href":"https:\/\/perfect-maderocenter.com\/en\/wp-json\/wp\/v2\/pages"}],"about":[{"href":"https:\/\/perfect-maderocenter.com\/en\/wp-json\/wp\/v2\/types\/page"}],"author":[{"embeddable":true,"href":"https:\/\/perfect-maderocenter.com\/en\/wp-json\/wp\/v2\/users\/1"}],"replies":[{"embeddable":true,"href":"https:\/\/perfect-maderocenter.com\/en\/wp-json\/wp\/v2\/comments?post=6"}],"version-history":[{"count":75,"href":"https:\/\/perfect-maderocenter.com\/en\/wp-json\/wp\/v2\/pages\/6\/revisions"}],"predecessor-version":[{"id":583,"href":"https:\/\/perfect-maderocenter.com\/en\/wp-json\/wp\/v2\/pages\/6\/revisions\/583"}],"wp:attachment":[{"href":"https:\/\/perfect-maderocenter.com\/en\/wp-json\/wp\/v2\/media?parent=6"}],"curies":[{"name":"wp","href":"https:\/\/api.w.org\/{rel}","templated":true}]}}