{"id":608,"date":"2024-09-20T13:23:35","date_gmt":"2024-09-20T13:23:35","guid":{"rendered":"https:\/\/perfect-maderocenter.com\/?page_id=608"},"modified":"2024-10-16T15:12:42","modified_gmt":"2024-10-16T15:12:42","slug":"courses","status":"publish","type":"page","link":"https:\/\/perfect-maderocenter.com\/en\/courses\/","title":{"rendered":"Courses"},"content":{"rendered":"\r\n<div class=\"banner\">\r\n    <div class=\"overlay\"><\/div>\r\n\r\n    <img decoding=\"async\" src=\"https:\/\/perfect-maderocenter.com\/wp-content\/uploads\/2024\/09\/foto_15-scaled.jpg\" alt=\"banner-img\">\r\n\r\n    <div class=\"texts\">\r\n        <p class=\"text\">Courses<\/p>\r\n    <\/div>\r\n<\/div>\r\n\r\n<script>\r\n    window.addEventListener(\"DOMContentLoaded\", () => {\r\n        const text = new SplitType(\".banner .texts .text\");\r\n\r\n        gsap.to(\".char\", {\r\n            y: 0,\r\n            stagger: 0.1,\r\n            delay: 0.1,\r\n            duration: 1,\r\n        });\r\n    });\r\n<\/script>\r\n\r\n\n\n\r\n<section class=\"text-content-block\">\r\n    <div class=\"container\">\r\n        <div class=\"text-content\">\r\n            \r\n                            <h1 class=\"main-title\">PERFECT MADEROTHERAPY 3 IN 1 COURSE<\/h1>\r\n            \r\n                            <span class=\"gold-text\">Why the Perfect madero 3 in 1 course is so perfect:<\/span>\r\n            \r\n                            <div class=\"description\">\r\n                    <p>You master the technique that creates the forces of compression and decompression on the body and so you create the best results in eliminating cellulite and excess fat.\r\n\r\nYou receive our perfect invention for results, achieved in half the normal time \u2013 the double roller for maderotherapy.\r\n\r\nYou get to refresh your knowledge  24\/7 in our online academy, where videos guide you through classic, Brazilian, and Perfectmadero maderotherapy.\r\n\r\nYou receive a detailed protocol for performing maderotherapy and also the knowledge on how to create your protocols.\r\n\r\nThe course is best suited for those who have no experience with body transformation, as you learn three techniques in one day to achieve perfect results:\r\n<br\/>\r\n&#8211; Classical maderotherapy,\r\n<br\/>\r\n&#8211; Brazilian vacuum maderotherapy performed after the Perfectbody method and\r\n<br\/>\r\n&#8211; you receive 9 wooden accessories for the implementation of maderotherapy.\r\n\r\n<\/p>\r\n                <\/div>\r\n                    <\/div>\r\n    <\/div>\r\n<\/section>\r\n\r\n\n\n\r\n<section class=\"text-content-block\">\r\n    <div class=\"container\">\r\n        <div class=\"text-content\">\r\n            \r\n            \r\n                            <span class=\"gold-text\">THE PRICE FOR THE PERFECTMADERO COURSE INCLUDES:<\/span>\r\n            \r\n                            <div class=\"description\">\r\n                    <p>&#8211; Set of wooden tools for classic maderotherapy\r\n<br\/>\r\n&#8211; Set of wooden tools for Brazilian maderotherapy\r\n<br\/>\r\n&#8211; The double roller for the elimination of cellulite\r\n<br\/>\r\n&#8211; A step-by-step- protocol\r\n<br\/>\r\n&#8211; Access to the online academy\r\n<br\/>\r\n&#8211; A certificate\r\n<br\/>\r\n&#8211; Support via e-mail, in-person, or telephone\r\n<br\/><br\/>\r\nPractical part:\r\n<br\/>\r\n&#8211; Basic classic maderotherapy\r\n<br\/>\r\n&#8211; Brazilian maderotherapy\r\n<br\/>\r\n&#8211; Individual maderotherapy\r\n<br\/>\r\n&#8211; Lifting the glutes\r\n<br\/>\r\n<br\/>\r\nThe number of course participants is limited, so you need to sign up and settle the cost as soon as possible to secure your spot on the course. The Perfectmadero 3 in 1 course requires you to have a model on which to practice maderotherapy, to train and gain knowledge and skills about maderotherapy.<\/p>\r\n                <\/div>\r\n                    <\/div>\r\n    <\/div>\r\n<\/section>\r\n\r\n\n\n\r\n<section class=\"text-content-block\">\r\n    <div class=\"container\">\r\n        <div class=\"text-content\">\r\n            \r\n            \r\n                            <span class=\"gold-text\">The Perfectmadero 3 in 1 course for transforming the body is designed in a way, that you as a Perfectmadero therapist, after just one day, posses:<\/span>\r\n            \r\n                            <div class=\"description\">\r\n                    <p>1.      Enough knowledge\r\n<br\/>\r\nLearning through the web \u2013 an online academy. After you sign up for the course of Perfectbody maderotherapy, you are granted acess to the online academy, where you can find all the information in form of video. This way you can get\r\nto know the theoretical part and refresh it at the course.\r\nLearning at the course \u2013 At the maderotherapy course we begin with the\r\ntheoretical part and then we implement the fresh knowledge into practical examples on our models.\r\nKnwoledge, written in a book\r\nThe Maderotherapy guide\r\nA step-by-step protocol, that guides you through every step of performing maderotherapy 3 in 1.\r\nLearning through the web \u2013 an online academy.\r\n<br\/><br\/>\r\n2.      Enough practical knowledge\r\n<br\/>\r\nAlthough our course is limited to one day only,  we are available to you until you master the right technique of perfroming maderotherapy, we can offer you free practical lessons in our madero centre in Santo Domingo or Las Terrenas.\r\n<br\/><br\/>\r\nBecause we have years and years of experience in the field of body transformation, we believe  that you don\u2019t have to learn from your own mistakes, but you can learn from ours.\r\nThat is why we offer you all our valuable knowledge during the course and at our online academy, especially the instances where results were not achieved, when maderotherapy is not the right way of body transformation and when to deny a client service.\r\n<br\/>\r\nDuring the course, when you will perform on your model, you will gain experience on how to achieve a perfect result after just one maderotherapy session. <\/p>\r\n                <\/div>\r\n                    <\/div>\r\n    <\/div>\r\n<\/section>\r\n\r\n\n\n\r\n<div class=\"banner\">\r\n    <div class=\"overlay\"><\/div>\r\n\r\n    <img decoding=\"async\" src=\"https:\/\/perfect-maderocenter.com\/wp-content\/uploads\/2024\/09\/perfect-body-shape-course-2-e1726838333359.png\" alt=\"banner-img\">\r\n\r\n    <div class=\"texts\">\r\n        <p class=\"text\"><\/p>\r\n    <\/div>\r\n<\/div>\r\n\r\n<script>\r\n    window.addEventListener(\"DOMContentLoaded\", () => {\r\n        const text = new SplitType(\".banner .texts .text\");\r\n\r\n        gsap.to(\".char\", {\r\n            y: 0,\r\n            stagger: 0.1,\r\n            delay: 0.1,\r\n            duration: 1,\r\n        });\r\n    });\r\n<\/script>\r\n\r\n\n\n\r\n<section class=\"text-content-block\">\r\n    <div class=\"container\">\r\n        <div class=\"text-content\">\r\n            \r\n                            <h1 class=\"main-title\">PERFECT BODY SHAPE Program<\/h1>\r\n            \r\n                            <span class=\"gold-text\">Shaping the ideal figure and Brazilian Lymphatic Drainage<\/span>\r\n            \r\n                            <div class=\"description\">\r\n                    <p>The Perfect body shape Program combines a comprehensive understanding of the lymphatic system, the significance of fascia, and approaches to body detoxification to achieve the desired goal of a perfect figure. In addition to theoretical foundations, we will also unveil practical exercises and steps to help you attain your desired physique effectively and healthily.<\/p>\r\n                <\/div>\r\n                    <\/div>\r\n    <\/div>\r\n<\/section>\r\n\r\n\n\n\r\n<section class=\"text-content-block\">\r\n    <div class=\"container\">\r\n        <div class=\"text-content\">\r\n            \r\n            \r\n                            <span class=\"gold-text\">Brazilian lymphatic drainage &#8211; fundamentals of the lymphatic system<\/span>\r\n            \r\n                            <div class=\"description\">\r\n                    <p>The lymphatic system plays a crucial role in maintaining bodily balance and health. In the first part of the course, we will explore the basics of the lymphatic system, its functioning, and its importance in eliminating toxic substances from the body. Understanding the lymphatic system enables us to better control the body and target areas we wish to shape.\r\n<br\/><br\/>\r\n&#8211; Lymphatic mapping and its significance:\r\n<br\/>\r\nLymphatic mapping is an exceptional tool for analyzing a client\u2019s body. Through precise analysis, we can determine which body areas require special attention and exercise. During the course, you will gain skills in reading lymphatic maps and understanding their significance in tailoring an individual approach to clients.\r\n<br\/><br\/>\r\n&#8211; The role of fascia and brazilian lymphatic drainage in body shaping:\r\n<br\/>\r\nFascia is the elastic connective tissue that surrounds muscles and internal organs. Proper care and treatment of fascia are crucial for achieving a better physique. In the course, we will explore how correct exercises and techniques can influence fascia, improving body tone and appearance.\r\n<br\/><br\/>\r\n&#8211; Body detoxification and brazilian lymphatic drainage for enhanced physique:\r\n<br\/>\r\nBody detoxification is crucial for removing harmful substances that accumulate in our bodies. In the course, you will learn effective detoxification methods that support shaping the perfect figure and improving overall well-being.\r\n<br\/><br\/>\r\n&#8211; Consultation and discussion with clients for individual program customization:\r\n<br\/>\r\nEvery client is unique, so it\u2019s important to understand their individual needs and goals. Through assessments and discussions, we will gain comprehensive insights into clients\u2019 needs and tailor a program that best suits their desires and requirements.\r\n<br\/><br\/>\r\n&#8211; Indications and contraindications for course implementation:\r\n<br\/>\r\nThe course will also provide knowledge about indications and contraindications for implementing the Perfect Body Shape exercises. This allows us to work responsibly and safely with clients, avoiding potential complications.\r\n<br\/><br\/>\r\n&#8211; Combining body shape exercises with Maderotherapy for additional benefits:\r\n<br\/>\r\nMaderotherapy is a technique that, with the help of wooden tools, stimulates the lymphatic system and enhances the appearance of the skin and body shape. In the course, you will learn how to combine body shape exercises with Maderotherapy to achieve maximum results.\r\n<br\/><br\/>\r\n&#8211; Crafting an individual perfect body shape package for clients:\r\n<br\/>\r\nBy the end of the course, you will be able to assemble an individual package of exercises and therapies that cater to the specific needs of your clients. This will enable you to treat each client individually, offering an approach that is most effective and satisfies their needs.\r\n<br\/><br\/><br\/>\r\n\r\nThe Perfect Body Shape course represents a comprehensive approach to shaping the ideal figure by combining theoretical foundations, practical exercises, and individual client treatment. The knowledge gained in the course will empower you to become an expert in body shaping, assisting your clients in achieving their goals on the path to the perfect figure. Remember that regular exercise and a healthy lifestyle are essential for achieving the best results.<\/p>\r\n                <\/div>\r\n                    <\/div>\r\n    <\/div>\r\n<\/section>\r\n\r\n\n\n\r\n<section class=\"text-content-block\">\r\n    <div class=\"container\">\r\n        <div class=\"text-content\">\r\n                            <img decoding=\"async\" src=\"https:\/\/perfect-maderocenter.com\/wp-content\/uploads\/2024\/08\/387330786_314762164623314_732560905599910418_n.jpeg\" alt=\"image\" \/>\r\n            \r\n            \r\n                            <span class=\"gold-text\">Course Theory:<\/span>\r\n            \r\n                            <div class=\"description\">\r\n                    <p>&#8211; Fundamentals of the lymphatic system\r\n<br\/>\r\n&#8211; Lymphatic mapping and its significance\r\n<br\/>\r\n&#8211; The role of fascia in body shaping\r\n<br\/>\r\n&#8211; Body detoxification for an enhanced physique\r\n<br\/>\r\n&#8211; Consultation and discussion with clients for individual program customization\r\n<br\/>\r\n&#8211; Indications and contraindications for course implementation\r\n<br\/>\r\n&#8211; Combining body shape exercises with Maderotherapy for additional benefits\r\n<br\/>\r\n&#8211; Crafting an individual Perfect body shape package for clients\r\n<br\/>\r\n&#8211; Practical Part of the Perfect body shape Course \u2013 shaping the ideal figure with brazilian lymphatic drainage and body sculpting\r\n<br\/>\r\n&#8211; Demonstration of movements and exercises from the Perfect body shape program\r\n<br\/>\r\n&#8211; Categorization of exercises for targeted shaping of the abdomen, legs, back, and arms\r\n<br\/>\r\n<br\/>\r\nUpon completing the course, you will receive:\r\n<br\/>\r\n\u2013 A manual with detailed explanations of theory and exercises\r\n<br\/>\r\n\u2013 A certificate of completing the course\r\n<br\/>\r\n\u2013 Access to the video academy for ongoing support in home workouts<\/p>\r\n                <\/div>\r\n                    <\/div>\r\n    <\/div>\r\n<\/section>\r\n\r\n\n\n\r\n<section class=\"text-content-block\">\r\n    <div class=\"container\">\r\n        <div class=\"text-content\">\r\n            \r\n                            <h1 class=\"main-title\">Pricing<\/h1>\r\n            \r\n                            <span class=\"gold-text\">Course details and prices | Whatsapp: +1 (829) 629-2391<\/span>\r\n            \r\n                            <div class=\"description\">\r\n                    <p>Day 1: Maderotherapy Perfect Body Method\r\n<br\/>\r\nDay 2: Brazilian Lymphatic Drainage Perfect Body Shape\r\n<br\/>\r\nPrice: $1,190 USD for one day, or $1,890 USD for both days\u2014includes all maderotherapy equipment!\r\n<br\/><br\/>\r\nWe come from Europe, where we have conducted over 500 courses in the last 6 years, training more than 1,100 therapists. Now, we are excited to bring this opportunity to the Dominican Republic.\r\n<br\/>\r\nHigh-quality, customized maderotherapy equipment, manufactured in Europe, with a 2-year warranty.\r\n<br\/><br\/>\r\nCourse registration:\r\n<br\/>\r\nWhatsapp: +1 (829) 629-2391<\/p>\r\n                <\/div>\r\n                    <\/div>\r\n    <\/div>\r\n<\/section>\r\n\r\n\n\n\r\n<div class=\"banner\">\r\n    <div class=\"overlay\"><\/div>\r\n\r\n    <img decoding=\"async\" src=\"https:\/\/perfect-maderocenter.com\/wp-content\/uploads\/2024\/09\/perfect-body-shape-course-3-e1726839431221.png\" alt=\"banner-img\">\r\n\r\n    <div class=\"texts\">\r\n        <p class=\"text\"><\/p>\r\n    <\/div>\r\n<\/div>\r\n\r\n<script>\r\n    window.addEventListener(\"DOMContentLoaded\", () => {\r\n        const text = new SplitType(\".banner .texts .text\");\r\n\r\n        gsap.to(\".char\", {\r\n            y: 0,\r\n            stagger: 0.1,\r\n            delay: 0.1,\r\n            duration: 1,\r\n        });\r\n    });\r\n<\/script>\r\n\r\n\n\n    <section class=\"contact\" id=\"contact-us\">\r\n\r\n                    <img decoding=\"async\" class=\"background-image\" src=\"https:\/\/perfect-maderocenter.com\/wp-content\/uploads\/2024\/04\/image-11.jpg\" alt=\"contact-background-image\">\r\n        \r\n        <div class=\"container\">\r\n            <div class=\"contact-content\">\r\n                                    <h2 class=\"main-title\">Contact us<\/h2>\r\n                \r\n                                    <span class=\"gold-text\">Informations for courses<\/span>\r\n                \r\n                <div class=\"box\">\r\n\r\n                                            <img decoding=\"async\" src=\"https:\/\/perfect-maderocenter.com\/wp-content\/uploads\/2024\/08\/WhatsApp_Image_2024-08-15_at_09.03.09-removebg-preview-e1723729171431.png\" alt=\"small-image\">\r\n                    \r\n                                            <div class=\"contact\">\r\n                            \n<div class=\"wpcf7 no-js\" id=\"wpcf7-f132-o1\" lang=\"en-US\" dir=\"ltr\">\n<div class=\"screen-reader-response\"><p role=\"status\" aria-live=\"polite\" aria-atomic=\"true\"><\/p> <ul><\/ul><\/div>\n<form action=\"\/en\/wp-json\/wp\/v2\/pages\/608#wpcf7-f132-o1\" method=\"post\" class=\"wpcf7-form init\" aria-label=\"Contact form\" novalidate=\"novalidate\" data-status=\"init\">\n<div style=\"display: none;\">\n<input type=\"hidden\" name=\"_wpcf7\" value=\"132\" \/>\n<input type=\"hidden\" name=\"_wpcf7_version\" value=\"5.9.3\" \/>\n<input type=\"hidden\" name=\"_wpcf7_locale\" value=\"en_US\" \/>\n<input type=\"hidden\" name=\"_wpcf7_unit_tag\" value=\"wpcf7-f132-o1\" \/>\n<input type=\"hidden\" name=\"_wpcf7_container_post\" value=\"0\" \/>\n<input type=\"hidden\" name=\"_wpcf7_posted_data_hash\" value=\"\" \/>\n<\/div>\n<div class=\"row\">\n\t<p><label> Name<br \/>\n<span class=\"wpcf7-form-control-wrap\" data-name=\"your-name\"><input size=\"40\" class=\"wpcf7-form-control wpcf7-text wpcf7-validates-as-required\" autocomplete=\"name\" aria-required=\"true\" aria-invalid=\"false\" value=\"\" type=\"text\" name=\"your-name\" \/><\/span> <\/label>\n\t<\/p>\n\t<p><label> Last Name<br \/>\n<span class=\"wpcf7-form-control-wrap\" data-name=\"Lastname\"><input size=\"40\" class=\"wpcf7-form-control wpcf7-text wpcf7-validates-as-required\" autocomplete=\"lastname\" aria-required=\"true\" aria-invalid=\"false\" value=\"\" type=\"text\" name=\"Lastname\" \/><\/span> <\/label>\n\t<\/p>\n<\/div>\n<div class=\"row\">\n\t<p><label> E-mail<br \/>\n<span class=\"wpcf7-form-control-wrap\" data-name=\"email\"><input size=\"40\" class=\"wpcf7-form-control wpcf7-email wpcf7-validates-as-required wpcf7-text wpcf7-validates-as-email\" autocomplete=\"email\" aria-required=\"true\" aria-invalid=\"false\" value=\"\" type=\"email\" name=\"email\" \/><\/span> <\/label>\n\t<\/p>\n\t<p><label> Phone Number<br \/>\n<span class=\"wpcf7-form-control-wrap\" data-name=\"phone\"><input size=\"40\" class=\"wpcf7-form-control wpcf7-tel wpcf7-text wpcf7-validates-as-tel\" autocomplete=\"phone\" aria-invalid=\"false\" value=\"\" type=\"tel\" name=\"phone\" \/><\/span> <\/label>\n\t<\/p>\n<\/div>\n<div class=\"row\">\n\t<p><label> Choose Treatment<br \/>\n<span class=\"wpcf7-form-control-wrap\" data-name=\"treatment\"><select class=\"wpcf7-form-control wpcf7-select wpcf7-validates-as-required\" aria-required=\"true\" aria-invalid=\"false\" name=\"treatment\"><option value=\"MADEROTHERAPY\">MADEROTHERAPY<\/option><option value=\"X-BODY\">X-BODY<\/option><option value=\"BRAZILLIAN LYMPHATIC DRAINAGE\">BRAZILLIAN LYMPHATIC DRAINAGE<\/option><\/select><\/span> <\/label>\n\t<\/p>\n<\/div>\n<div class=\"row\">\n\t<p><label> Additional Information<br \/>\n<span class=\"wpcf7-form-control-wrap\" data-name=\"textarea\"><textarea cols=\"40\" rows=\"10\" class=\"wpcf7-form-control wpcf7-textarea\" aria-invalid=\"false\" name=\"textarea\"><\/textarea><\/span> <\/label>\n\t<\/p>\n<\/div>\n<p><input class=\"wpcf7-form-control wpcf7-submit has-spinner\" type=\"submit\" value=\"BOOK NOW\" \/>\n<\/p><div class=\"wpcf7-response-output\" aria-hidden=\"true\"><\/div>\n<\/form>\n<\/div>\n                        <\/div>\r\n                                    <\/div>\r\n\r\n                                    \r\n<div class=\"locations\">\r\n            <div class=\"location\">\r\n            <strong class=\"title\">Perfect Madero Las Terrenas<\/strong>\r\n            <span class=\"address\">8F85+PQQ, Las Terrenas 32000, Dominican Republic<\/span>\r\n            <div class=\"email\">\r\n                <i class=\"fa-solid fa-envelope\"><\/i>\r\n                <a href=\"mailto:info@perfect-maderocenter.com\">info@perfect-maderocenter.com<\/a>\r\n            <\/div>\r\n            <div class=\"phone\">\r\n                <i class=\"fa-solid fa-phone\"><\/i>\r\n                <a href=\"tel:+1 (829) 629-2391\">+1 (829) 629-2391<\/a>\r\n            <\/div>\r\n\r\n            <div class=\"google-maps\">\r\n                <iframe src=\"https:\/\/www.google.com\/maps\/embed?pb=!1m18!1m12!1m3!1d3765.207025591279!2d-69.540516!3d19.316820799999995!2m3!1f0!2f0!3f0!3m2!1i1024!2i768!4f13.1!3m3!1m2!1s0x8eaefb2edae79be1%3A0x3142fb3fecf9c49d!2sPerfect%20Madero%20Center%20Las%20Terrenas!5e0!3m2!1ssl!2ssi!4v1715243047479!5m2!1ssl!2ssi\" width=\"600\" height=\"450\" style=\"border:0;\" allowfullscreen=\"\" loading=\"lazy\" referrerpolicy=\"no-referrer-when-downgrade\"><\/iframe>            <\/div>\r\n        <\/div>\r\n            <div class=\"location\">\r\n            <strong class=\"title\">Perfect Madero Maribor<\/strong>\r\n            <span class=\"address\">Ulica \u0161kofa Maksimilijana Dr\u017ee\u010dnika 11, 2000 <br> Maribor, Slovenia<\/span>\r\n            <div class=\"email\">\r\n                <i class=\"fa-solid fa-envelope\"><\/i>\r\n                <a href=\"mailto:info@maderoterapija.si\">info@maderoterapija.si<\/a>\r\n            <\/div>\r\n            <div class=\"phone\">\r\n                <i class=\"fa-solid fa-phone\"><\/i>\r\n                <a href=\"tel:+386 31 445-802\">+386 31 445-802<\/a>\r\n            <\/div>\r\n\r\n            <div class=\"google-maps\">\r\n                <iframe src=\"https:\/\/www.google.com\/maps\/embed?pb=!1m18!1m12!1m3!1d2743.384746857837!2d15.647894977580748!3d46.55985637111293!2m3!1f0!2f0!3f0!3m2!1i1024!2i768!4f13.1!3m3!1m2!1s0x476f77a6800e6439%3A0xf939013517549df7!2sPerfectMadero%20Maderotherapy!5e0!3m2!1ssl!2ssi!4v1713428585248!5m2!1ssl!2ssi\" width=\"600\" height=\"450\" style=\"border:0;\" allowfullscreen=\"\" loading=\"lazy\" referrerpolicy=\"no-referrer-when-downgrade\"><\/iframe>            <\/div>\r\n        <\/div>\r\n    <\/div>\r\n                            <\/div>\r\n        <\/div>\r\n    <\/section>\r\n","protected":false},"excerpt":{"rendered":"","protected":false},"author":2,"featured_media":0,"parent":0,"menu_order":0,"comment_status":"closed","ping_status":"closed","template":"","meta":{"footnotes":""},"acf":[],"_links":{"self":[{"href":"https:\/\/perfect-maderocenter.com\/en\/wp-json\/wp\/v2\/pages\/608"}],"collection":[{"href":"https:\/\/perfect-maderocenter.com\/en\/wp-json\/wp\/v2\/pages"}],"about":[{"href":"https:\/\/perfect-maderocenter.com\/en\/wp-json\/wp\/v2\/types\/page"}],"author":[{"embeddable":true,"href":"https:\/\/perfect-maderocenter.com\/en\/wp-json\/wp\/v2\/users\/2"}],"replies":[{"embeddable":true,"href":"https:\/\/perfect-maderocenter.com\/en\/wp-json\/wp\/v2\/comments?post=608"}],"version-history":[{"count":77,"href":"https:\/\/perfect-maderocenter.com\/en\/wp-json\/wp\/v2\/pages\/608\/revisions"}],"predecessor-version":[{"id":758,"href":"https:\/\/perfect-maderocenter.com\/en\/wp-json\/wp\/v2\/pages\/608\/revisions\/758"}],"wp:attachment":[{"href":"https:\/\/perfect-maderocenter.com\/en\/wp-json\/wp\/v2\/media?parent=608"}],"curies":[{"name":"wp","href":"https:\/\/api.w.org\/{rel}","templated":true}]}}