{"id":258,"date":"2024-04-12T09:19:46","date_gmt":"2024-04-12T09:19:46","guid":{"rendered":"https:\/\/perfect-maderocenter.com\/brazilska-limfna-drenaza\/"},"modified":"2024-08-21T15:43:19","modified_gmt":"2024-08-21T15:43:19","slug":"brazilska-limfna-drenaza","status":"publish","type":"page","link":"https:\/\/perfect-maderocenter.com\/sl\/brazilska-limfna-drenaza\/","title":{"rendered":"Brazilska limfna drena\u017ea"},"content":{"rendered":"\r\n<div class=\"banner\">\r\n    <div class=\"overlay\"><\/div>\r\n\r\n    <img decoding=\"async\" src=\"https:\/\/perfect-maderocenter.com\/wp-content\/uploads\/2024\/08\/Lymph-Massage.jpg\" alt=\"banner-img\">\r\n\r\n    <div class=\"texts\">\r\n        <p class=\"text\">Brazilska limfna drena\u017ea<\/p>\r\n    <\/div>\r\n<\/div>\r\n\r\n<script>\r\n    window.addEventListener(\"DOMContentLoaded\", () => {\r\n        const text = new SplitType(\".banner .texts .text\");\r\n\r\n        gsap.to(\".char\", {\r\n            y: 0,\r\n            stagger: 0.1,\r\n            delay: 0.1,\r\n            duration: 1,\r\n        });\r\n    });\r\n<\/script>\r\n\r\n\r\n<section class=\"text-content-block\">\r\n    <div class=\"container\">\r\n        <div class=\"text-content\">\r\n                            <img decoding=\"async\" src=\"https:\/\/perfect-maderocenter.com\/wp-content\/uploads\/2024\/04\/flower-2-1.png\" alt=\"image\" \/>\r\n            \r\n                            <h1 class=\"main-title\">Kaj je brazilska limfna drena\u017ea<\/h1>\r\n            \r\n                            <span class=\"gold-text\">Brazilska limfna drena\u017ea je masa\u017ea, ki zmanj\u0161uje koli\u010dino vode in razstruplja telo.<\/span>\r\n            \r\n                            <div class=\"description\">\r\n                    <p>Brazilska limfna drena\u017ea je specializirana masa\u017ena tehnika, ki je zasnovana tako, da s spodbujanjem limfnega sistema pospe\u0161uje naravni proces razstrupljanja telesa.\nTa metoda vklju\u010duje ne\u017ene, ritmi\u010dne udarce in usmerjen pritisk, ki spodbujajo gibanje limfnih teko\u010din, pomagajo zmanj\u0161ati otekanje, odstraniti toksine in izbolj\u0161ati cirkulacijo.\nPosledi\u010dno stranke pogosto ob\u010dutijo zmanj\u0161anje napihnjenosti, izbolj\u0161an tonus ko\u017ee ter ob\u010dutek lahkotnosti in dobrega po\u010dutja.    <\/p>\r\n                <\/div>\r\n                    <\/div>\r\n    <\/div>\r\n<\/section>\r\n\r\n    <div class=\"left-right-content image-left\">\r\n\r\n                    <img decoding=\"async\" src=\"https:\/\/perfect-maderocenter.com\/wp-content\/uploads\/2024\/08\/DSC9939.jpg\" alt=\"image\" class=\"large-image\">\r\n        \r\n        <div>\r\n                            <img decoding=\"async\" src=\"https:\/\/perfect-maderocenter.com\/wp-content\/uploads\/2024\/04\/flower-1.png\" alt=\"small-image\">\r\n            \r\n                            <h2 class=\"block-title\">Zna\u010dilnosti<\/h2>\r\n            \r\n                            <p>Ena od glavnih zna\u010dilnosti brazilske limfne drena\u017ee je njena sposobnost doseganja vidnih rezultatov \u017ee po enem samem tretmaju.\nTa tehnika je \u0161e posebej u\u010dinkovita pri zmanj\u0161evanju zadr\u017eevanja vode in izbolj\u0161anju naravnega obrisa telesa, zato je priljubljena izbira za tiste, ki \u017eelijo dose\u010di bolj izklesan in napet videz.\nPoleg estetskih prednosti brazilska limfna drena\u017ea podpira tudi delovanje imunskega sistema in spodbuja sprostitev ter tako ponuja celosten pristop k dobremu po\u010dutju.    <\/p>\r\n            \r\n                    <\/div>\r\n    <\/div>\r\n    <div class=\"left-right-content image-right\">\r\n\r\n                    <img decoding=\"async\" src=\"https:\/\/perfect-maderocenter.com\/wp-content\/uploads\/2024\/08\/WhatsApp-Image-2024-08-16-at-06.40.55.jpeg\" alt=\"image\" class=\"large-image\">\r\n        \r\n        <div>\r\n                            <img decoding=\"async\" src=\"https:\/\/perfect-maderocenter.com\/wp-content\/uploads\/2024\/04\/flower-1.png\" alt=\"small-image\">\r\n            \r\n                            <h2 class=\"block-title\">Zdravljenje<\/h2>\r\n            \r\n                            <p>Brazilska limfna drena\u017ea je primerna za posameznike vseh starosti in telesnih tipov, bodisi kot samostojen tretma bodisi kot dodatek k drugim tretmajem.\nZaradi svoje ne\u017ene narave je idealna izbira za tiste, ki i\u0161\u010dejo neinvaziven na\u010din za izbolj\u0161anje splo\u0161nega zdravja in videza.\nRedne seanse lahko pomagajo ohranjati optimalno delovanje limfe, podpirajo razstrupljanje ter poskrbijo, da se telo po\u010duti uravnote\u017eeno in po\u017eivljeno.\nObi\u010dajno traja 60-75 minut, vendar bo va\u0161a terapija prilagojena va\u0161im potrebam (podro\u010djem, ki jih \u017eelite zdraviti).     <\/p>\r\n            \r\n                    <\/div>\r\n    <\/div>\r\n\r\n<section class=\"text-content-block\">\r\n    <div class=\"container\">\r\n        <div class=\"text-content\">\r\n                            <img decoding=\"async\" src=\"https:\/\/perfect-maderocenter.com\/wp-content\/uploads\/2024\/08\/387330786_314762164623314_732560905599910418_n.jpeg\" alt=\"image\" \/>\r\n            \r\n            \r\n                            <span class=\"gold-text\">Prednosti<\/span>\r\n            \r\n                            <div class=\"description\">\r\n                    <p><ul>\n        <li>Spodbuja delovanje ledvic,<\/li>\n        <li>je uporaben za zdravljenje te\u017eav s krvnim obtokom (vensko popu\u0161\u010danje),<\/li>\n        <li>pomaga zmanj\u0161ati limfne te\u017eave,<\/li>\n        <li>spodbuja imunski sistem in pove\u010duje obrambne sposobnosti telesa,<\/li>\n        <li>pomaga \u0161\u010dititi telo pred bakterijami in virusi, saj deluje v povezavi z imunskim sistemom,<\/li>\n        <li>deluje pomirjujo\u010de na avtonomni \u017eiv\u010dni sistem,<\/li>\n        <li>njegov neposredni u\u010dinek na parasimpati\u010dni sistem povzro\u010da spro\u0161\u010dujo\u010d u\u010dinek,<\/li>\n        <li>tonizira \u010drevesje, kar pomaga v boju proti zaprtju,<\/li>\n        <li>uravnava ravnovesje vode v telesu,<\/li>\n        <li>zni\u017euje krvni tlak,<\/li>\n        <li>zmanj\u0161uje stres.<\/li>\n    <\/ul><\/p>\r\n                <\/div>\r\n                    <\/div>\r\n    <\/div>\r\n<\/section>\r\n\r\n    <section class=\"contact\" id=\"contact-us\">\r\n\r\n                    <img decoding=\"async\" class=\"background-image\" src=\"https:\/\/perfect-maderocenter.com\/wp-content\/uploads\/2024\/04\/image-11.jpg\" alt=\"contact-background-image\">\r\n        \r\n        <div class=\"container\">\r\n            <div class=\"contact-content\">\r\n                                    <h2 class=\"main-title\">Kontakt<\/h2>\r\n                \r\n                                    <span class=\"gold-text\">Rezervirajte zdravljenje<\/span>\r\n                \r\n                <div class=\"box\">\r\n\r\n                                            <img decoding=\"async\" src=\"https:\/\/perfect-maderocenter.com\/wp-content\/uploads\/2024\/08\/WhatsApp_Image_2024-08-15_at_09.03.09-removebg-preview-e1723729171431.png\" alt=\"small-image\">\r\n                    \r\n                                            <div class=\"contact\">\r\n                            \n<div class=\"wpcf7 no-js\" id=\"wpcf7-f132-o1\" lang=\"en-US\" dir=\"ltr\">\n<div class=\"screen-reader-response\"><p role=\"status\" aria-live=\"polite\" aria-atomic=\"true\"><\/p> <ul><\/ul><\/div>\n<form action=\"\/sl\/wp-json\/wp\/v2\/pages\/258#wpcf7-f132-o1\" method=\"post\" class=\"wpcf7-form init\" aria-label=\"Contact form\" novalidate=\"novalidate\" data-status=\"init\">\n<div style=\"display: none;\">\n<input type=\"hidden\" name=\"_wpcf7\" value=\"132\" \/>\n<input type=\"hidden\" name=\"_wpcf7_version\" value=\"5.9.3\" \/>\n<input type=\"hidden\" name=\"_wpcf7_locale\" value=\"en_US\" \/>\n<input type=\"hidden\" name=\"_wpcf7_unit_tag\" value=\"wpcf7-f132-o1\" \/>\n<input type=\"hidden\" name=\"_wpcf7_container_post\" value=\"0\" \/>\n<input type=\"hidden\" name=\"_wpcf7_posted_data_hash\" value=\"\" \/>\n<\/div>\n<div class=\"row\">\n\t<p><label> Name<br \/>\n<span class=\"wpcf7-form-control-wrap\" data-name=\"your-name\"><input size=\"40\" class=\"wpcf7-form-control wpcf7-text wpcf7-validates-as-required\" autocomplete=\"name\" aria-required=\"true\" aria-invalid=\"false\" value=\"\" type=\"text\" name=\"your-name\" \/><\/span> <\/label>\n\t<\/p>\n\t<p><label> Last Name<br \/>\n<span class=\"wpcf7-form-control-wrap\" data-name=\"Lastname\"><input size=\"40\" class=\"wpcf7-form-control wpcf7-text wpcf7-validates-as-required\" autocomplete=\"lastname\" aria-required=\"true\" aria-invalid=\"false\" value=\"\" type=\"text\" name=\"Lastname\" \/><\/span> <\/label>\n\t<\/p>\n<\/div>\n<div class=\"row\">\n\t<p><label> E-mail<br \/>\n<span class=\"wpcf7-form-control-wrap\" data-name=\"email\"><input size=\"40\" class=\"wpcf7-form-control wpcf7-email wpcf7-validates-as-required wpcf7-text wpcf7-validates-as-email\" autocomplete=\"email\" aria-required=\"true\" aria-invalid=\"false\" value=\"\" type=\"email\" name=\"email\" \/><\/span> <\/label>\n\t<\/p>\n\t<p><label> Phone Number<br \/>\n<span class=\"wpcf7-form-control-wrap\" data-name=\"phone\"><input size=\"40\" class=\"wpcf7-form-control wpcf7-tel wpcf7-text wpcf7-validates-as-tel\" autocomplete=\"phone\" aria-invalid=\"false\" value=\"\" type=\"tel\" name=\"phone\" \/><\/span> <\/label>\n\t<\/p>\n<\/div>\n<div class=\"row\">\n\t<p><label> Choose Treatment<br \/>\n<span class=\"wpcf7-form-control-wrap\" data-name=\"treatment\"><select class=\"wpcf7-form-control wpcf7-select wpcf7-validates-as-required\" aria-required=\"true\" aria-invalid=\"false\" name=\"treatment\"><option value=\"MADEROTHERAPY\">MADEROTHERAPY<\/option><option value=\"X-BODY\">X-BODY<\/option><option value=\"BRAZILLIAN LYMPHATIC DRAINAGE\">BRAZILLIAN LYMPHATIC DRAINAGE<\/option><\/select><\/span> <\/label>\n\t<\/p>\n<\/div>\n<div class=\"row\">\n\t<p><label> Additional Information<br \/>\n<span class=\"wpcf7-form-control-wrap\" data-name=\"textarea\"><textarea cols=\"40\" rows=\"10\" class=\"wpcf7-form-control wpcf7-textarea\" aria-invalid=\"false\" name=\"textarea\"><\/textarea><\/span> <\/label>\n\t<\/p>\n<\/div>\n<p><input class=\"wpcf7-form-control wpcf7-submit has-spinner\" type=\"submit\" value=\"BOOK NOW\" \/>\n<\/p><div class=\"wpcf7-response-output\" aria-hidden=\"true\"><\/div>\n<\/form>\n<\/div>\n                        <\/div>\r\n                                    <\/div>\r\n\r\n                                    \r\n<div class=\"locations\">\r\n            <div class=\"location\">\r\n            <strong class=\"title\">Perfect Madero Las Terrenas<\/strong>\r\n            <span class=\"address\">8F85+PQQ, Las Terrenas 32000, Dominican Republic<\/span>\r\n            <div class=\"email\">\r\n                <i class=\"fa-solid fa-envelope\"><\/i>\r\n                <a href=\"mailto:info@perfect-maderocenter.com\">info@perfect-maderocenter.com<\/a>\r\n            <\/div>\r\n            <div class=\"phone\">\r\n                <i class=\"fa-solid fa-phone\"><\/i>\r\n                <a href=\"tel:+1 (829) 629-2391\">+1 (829) 629-2391<\/a>\r\n            <\/div>\r\n\r\n            <div class=\"google-maps\">\r\n                <iframe src=\"https:\/\/www.google.com\/maps\/embed?pb=!1m18!1m12!1m3!1d3765.207025591279!2d-69.540516!3d19.316820799999995!2m3!1f0!2f0!3f0!3m2!1i1024!2i768!4f13.1!3m3!1m2!1s0x8eaefb2edae79be1%3A0x3142fb3fecf9c49d!2sPerfect%20Madero%20Center%20Las%20Terrenas!5e0!3m2!1ssl!2ssi!4v1715243047479!5m2!1ssl!2ssi\" width=\"600\" height=\"450\" style=\"border:0;\" allowfullscreen=\"\" loading=\"lazy\" referrerpolicy=\"no-referrer-when-downgrade\"><\/iframe>            <\/div>\r\n        <\/div>\r\n            <div class=\"location\">\r\n            <strong class=\"title\">Perfect Madero Maribor<\/strong>\r\n            <span class=\"address\">Ulica \u0161kofa Maksimilijana Dr\u017ee\u010dnika 11, 2000 <br> Maribor, Slovenia<\/span>\r\n            <div class=\"email\">\r\n                <i class=\"fa-solid fa-envelope\"><\/i>\r\n                <a href=\"mailto:info@maderoterapija.si\">info@maderoterapija.si<\/a>\r\n            <\/div>\r\n            <div class=\"phone\">\r\n                <i class=\"fa-solid fa-phone\"><\/i>\r\n                <a href=\"tel:+386 31 445-802\">+386 31 445-802<\/a>\r\n            <\/div>\r\n\r\n            <div class=\"google-maps\">\r\n                <iframe src=\"https:\/\/www.google.com\/maps\/embed?pb=!1m18!1m12!1m3!1d2743.384746857837!2d15.647894977580748!3d46.55985637111293!2m3!1f0!2f0!3f0!3m2!1i1024!2i768!4f13.1!3m3!1m2!1s0x476f77a6800e6439%3A0xf939013517549df7!2sPerfectMadero%20Maderotherapy!5e0!3m2!1ssl!2ssi!4v1713428585248!5m2!1ssl!2ssi\" width=\"600\" height=\"450\" style=\"border:0;\" allowfullscreen=\"\" loading=\"lazy\" referrerpolicy=\"no-referrer-when-downgrade\"><\/iframe>            <\/div>\r\n        <\/div>\r\n    <\/div>\r\n                            <\/div>\r\n        <\/div>\r\n    <\/section>\r\n","protected":false},"excerpt":{"rendered":"","protected":false},"author":1,"featured_media":0,"parent":0,"menu_order":0,"comment_status":"closed","ping_status":"closed","template":"","meta":{"footnotes":""},"acf":[],"_links":{"self":[{"href":"https:\/\/perfect-maderocenter.com\/sl\/wp-json\/wp\/v2\/pages\/258"}],"collection":[{"href":"https:\/\/perfect-maderocenter.com\/sl\/wp-json\/wp\/v2\/pages"}],"about":[{"href":"https:\/\/perfect-maderocenter.com\/sl\/wp-json\/wp\/v2\/types\/page"}],"author":[{"embeddable":true,"href":"https:\/\/perfect-maderocenter.com\/sl\/wp-json\/wp\/v2\/users\/1"}],"replies":[{"embeddable":true,"href":"https:\/\/perfect-maderocenter.com\/sl\/wp-json\/wp\/v2\/comments?post=258"}],"version-history":[{"count":4,"href":"https:\/\/perfect-maderocenter.com\/sl\/wp-json\/wp\/v2\/pages\/258\/revisions"}],"predecessor-version":[{"id":538,"href":"https:\/\/perfect-maderocenter.com\/sl\/wp-json\/wp\/v2\/pages\/258\/revisions\/538"}],"wp:attachment":[{"href":"https:\/\/perfect-maderocenter.com\/sl\/wp-json\/wp\/v2\/media?parent=258"}],"curies":[{"name":"wp","href":"https:\/\/api.w.org\/{rel}","templated":true}]}}