{"id":260,"date":"2024-04-12T09:19:08","date_gmt":"2024-04-12T09:19:08","guid":{"rendered":"https:\/\/perfect-maderocenter.com\/x-body\/"},"modified":"2024-08-21T15:44:20","modified_gmt":"2024-08-21T15:44:20","slug":"x-body","status":"publish","type":"page","link":"https:\/\/perfect-maderocenter.com\/sl\/x-body\/","title":{"rendered":"X-Body"},"content":{"rendered":"\r\n<div class=\"banner\">\r\n    <div class=\"overlay\"><\/div>\r\n\r\n    <img decoding=\"async\" src=\"https:\/\/perfect-maderocenter.com\/wp-content\/uploads\/2024\/08\/387561686_209572262156127_1138656048921090386_n.jpg\" alt=\"banner-img\">\r\n\r\n    <div class=\"texts\">\r\n        <p class=\"text\">X-BODY<\/p>\r\n    <\/div>\r\n<\/div>\r\n\r\n<script>\r\n    window.addEventListener(\"DOMContentLoaded\", () => {\r\n        const text = new SplitType(\".banner .texts .text\");\r\n\r\n        gsap.to(\".char\", {\r\n            y: 0,\r\n            stagger: 0.1,\r\n            delay: 0.1,\r\n            duration: 1,\r\n        });\r\n    });\r\n<\/script>\r\n\r\n\r\n<section class=\"text-content-block\">\r\n    <div class=\"container\">\r\n        <div class=\"text-content\">\r\n                            <img decoding=\"async\" src=\"https:\/\/perfect-maderocenter.com\/wp-content\/uploads\/2024\/04\/flower-2-1.png\" alt=\"image\" \/>\r\n            \r\n                            <h1 class=\"main-title\">Kaj je X-BODY<\/h1>\r\n            \r\n                            <span class=\"gold-text\">XBody je elektri\u010dna stimulacija mi\u0161ic<\/span>\r\n            \r\n                            <div class=\"description\">\r\n                    <p>XBody EMS Training je revolucionarna metoda vadbe, ki uporablja elektri\u010dno stimulacijo mi\u0161ic (EMS) za u\u010dinkovitej\u0161e delovanje mi\u0161ic kot obi\u010dajna vadba. S po\u0161iljanjem nizkofrekven\u010dnih elektri\u010dnih impulzov neposredno v mi\u0161ice vadba XBody EMS okrepi mi\u0161i\u010dne kontrakcije, kar omogo\u010da zelo u\u010dinkovito vadbo v kraj\u0161em \u010dasu. Ta tehnologija uporabnikom omogo\u010da, da hkrati aktivirajo do 90 % mi\u0161ic, zato je idealna re\u0161itev za krepitev mi\u0161ic, tonizacijo in zmanj\u0161evanje ma\u0161\u010dob.<\/p>\r\n                <\/div>\r\n                    <\/div>\r\n    <\/div>\r\n<\/section>\r\n\r\n    <div class=\"left-right-content image-right\">\r\n\r\n                    <img decoding=\"async\" src=\"https:\/\/perfect-maderocenter.com\/wp-content\/uploads\/2024\/08\/387330427_1064032774594287_4972562037102430078_n.jpg\" alt=\"image\" class=\"large-image\">\r\n        \r\n        <div>\r\n                            <img decoding=\"async\" src=\"https:\/\/perfect-maderocenter.com\/wp-content\/uploads\/2024\/04\/flower-1.png\" alt=\"small-image\">\r\n            \r\n                            <h2 class=\"block-title\">Varna in u\u010dinkovita naprava<\/h2>\r\n            \r\n                            <p>Ena od klju\u010dnih prednosti vadbe XBody EMS Training je, da omogo\u010da vadbo celotnega telesa, hkrati pa je ne\u017ena do sklepov. Ne glede na to, ali \u017eelite zgraditi mi\u0161ice, izbolj\u0161ati vzdr\u017eljivost ali pospe\u0161iti okrevanje, lahko XBody EMS prilagodite posameznim ciljem telesne pripravljenosti. Treningi so obi\u010dajno kratki, pogosto trajajo le 20 minut, vendar dajejo rezultate, ki so enakovredni ve\u010durnemu obi\u010dajnemu treningu, zato so kot nala\u0161\u010d za tiste z napornim \u017eivljenjskim slogom.  <\/p>\r\n            \r\n                    <\/div>\r\n    <\/div>\r\n    <div class=\"left-right-content image-left\">\r\n\r\n                    <img decoding=\"async\" src=\"https:\/\/perfect-maderocenter.com\/wp-content\/uploads\/2024\/08\/WhatsApp-Image-2024-08-16-at-06.40.49.jpeg\" alt=\"image\" class=\"large-image\">\r\n        \r\n        <div>\r\n                            <img decoding=\"async\" src=\"https:\/\/perfect-maderocenter.com\/wp-content\/uploads\/2024\/04\/flower-1.png\" alt=\"small-image\">\r\n            \r\n                            <h2 class=\"block-title\">Elektroposturalna metoda<\/h2>\r\n            \r\n                            <p>Trening XBody EMS je primeren za vse ravni telesne pripravljenosti, od za\u010detnikov do naprednih \u0161portnikov. Intenzivnost elektri\u010dnih impulzov je mogo\u010de prilagoditi fizi\u010dnemu stanju in ciljem vsakega uporabnika, kar zagotavlja varno in prilagojeno vadbo. Ker zahteva minimalno gibanje, je XBody EMS odli\u010dna izbira tudi za posameznike, ki okrevajo po po\u0161kodbah ali i\u0161\u010dejo alternativne vadbe z majhnim u\u010dinkom. XBody EMS z dokazano u\u010dinkovitostjo in prilagodljivostjo hitro postaja priljubljena metoda usposabljanja za tiste, ki \u017eelijo dose\u010di najve\u010dje rezultate v \u010dim kraj\u0161em \u010dasu.  <\/p>\r\n            \r\n                    <\/div>\r\n    <\/div>\r\n\r\n<section class=\"text-content-block\">\r\n    <div class=\"container\">\r\n        <div class=\"text-content\">\r\n                            <img decoding=\"async\" src=\"https:\/\/perfect-maderocenter.com\/wp-content\/uploads\/2024\/08\/xbody-tablet-e1724187871783.jpeg\" alt=\"image\" \/>\r\n            \r\n            \r\n                            <span class=\"gold-text\">Prednosti<\/span>\r\n            \r\n                            <div class=\"description\">\r\n                    <p><ul>\n        <li>Oblikovanje telesa s pove\u010danjem gib\u010dnosti in zmanj\u0161anjem ma\u0161\u010dobne mase,<\/li>\n        <li>primeren za \u017eenske in mo\u0161ke,<\/li>\n        <li>nebole\u010da vadba,<\/li>\n        <li>rezultati so vidni \u017ee po nekaj tednih,<\/li>\n        <li>neprimerljivo razmerje med \u010dasom in u\u010dinkovitostjo.<\/li>\n    <\/ul><\/p>\r\n                <\/div>\r\n                    <\/div>\r\n    <\/div>\r\n<\/section>\r\n\r\n    <section class=\"contact\" id=\"contact-us\">\r\n\r\n                    <img decoding=\"async\" class=\"background-image\" src=\"https:\/\/perfect-maderocenter.com\/wp-content\/uploads\/2024\/04\/image-11.jpg\" alt=\"contact-background-image\">\r\n        \r\n        <div class=\"container\">\r\n            <div class=\"contact-content\">\r\n                                    <h2 class=\"main-title\">Kontakt<\/h2>\r\n                \r\n                                    <span class=\"gold-text\">Rezervirajte zdravljenje<\/span>\r\n                \r\n                <div class=\"box\">\r\n\r\n                                            <img decoding=\"async\" src=\"https:\/\/perfect-maderocenter.com\/wp-content\/uploads\/2024\/08\/WhatsApp_Image_2024-08-15_at_09.03.09-removebg-preview-e1723729171431.png\" alt=\"small-image\">\r\n                    \r\n                                            <div class=\"contact\">\r\n                            \n<div class=\"wpcf7 no-js\" id=\"wpcf7-f132-o1\" lang=\"en-US\" dir=\"ltr\">\n<div class=\"screen-reader-response\"><p role=\"status\" aria-live=\"polite\" aria-atomic=\"true\"><\/p> <ul><\/ul><\/div>\n<form action=\"\/sl\/wp-json\/wp\/v2\/pages\/260#wpcf7-f132-o1\" method=\"post\" class=\"wpcf7-form init\" aria-label=\"Contact form\" novalidate=\"novalidate\" data-status=\"init\">\n<div style=\"display: none;\">\n<input type=\"hidden\" name=\"_wpcf7\" value=\"132\" \/>\n<input type=\"hidden\" name=\"_wpcf7_version\" value=\"5.9.3\" \/>\n<input type=\"hidden\" name=\"_wpcf7_locale\" value=\"en_US\" \/>\n<input type=\"hidden\" name=\"_wpcf7_unit_tag\" value=\"wpcf7-f132-o1\" \/>\n<input type=\"hidden\" name=\"_wpcf7_container_post\" value=\"0\" \/>\n<input type=\"hidden\" name=\"_wpcf7_posted_data_hash\" value=\"\" \/>\n<\/div>\n<div class=\"row\">\n\t<p><label> Name<br \/>\n<span class=\"wpcf7-form-control-wrap\" data-name=\"your-name\"><input size=\"40\" class=\"wpcf7-form-control wpcf7-text wpcf7-validates-as-required\" autocomplete=\"name\" aria-required=\"true\" aria-invalid=\"false\" value=\"\" type=\"text\" name=\"your-name\" \/><\/span> <\/label>\n\t<\/p>\n\t<p><label> Last Name<br \/>\n<span class=\"wpcf7-form-control-wrap\" data-name=\"Lastname\"><input size=\"40\" class=\"wpcf7-form-control wpcf7-text wpcf7-validates-as-required\" autocomplete=\"lastname\" aria-required=\"true\" aria-invalid=\"false\" value=\"\" type=\"text\" name=\"Lastname\" \/><\/span> <\/label>\n\t<\/p>\n<\/div>\n<div class=\"row\">\n\t<p><label> E-mail<br \/>\n<span class=\"wpcf7-form-control-wrap\" data-name=\"email\"><input size=\"40\" class=\"wpcf7-form-control wpcf7-email wpcf7-validates-as-required wpcf7-text wpcf7-validates-as-email\" autocomplete=\"email\" aria-required=\"true\" aria-invalid=\"false\" value=\"\" type=\"email\" name=\"email\" \/><\/span> <\/label>\n\t<\/p>\n\t<p><label> Phone Number<br \/>\n<span class=\"wpcf7-form-control-wrap\" data-name=\"phone\"><input size=\"40\" class=\"wpcf7-form-control wpcf7-tel wpcf7-text wpcf7-validates-as-tel\" autocomplete=\"phone\" aria-invalid=\"false\" value=\"\" type=\"tel\" name=\"phone\" \/><\/span> <\/label>\n\t<\/p>\n<\/div>\n<div class=\"row\">\n\t<p><label> Choose Treatment<br \/>\n<span class=\"wpcf7-form-control-wrap\" data-name=\"treatment\"><select class=\"wpcf7-form-control wpcf7-select wpcf7-validates-as-required\" aria-required=\"true\" aria-invalid=\"false\" name=\"treatment\"><option value=\"MADEROTHERAPY\">MADEROTHERAPY<\/option><option value=\"X-BODY\">X-BODY<\/option><option value=\"BRAZILLIAN LYMPHATIC DRAINAGE\">BRAZILLIAN LYMPHATIC DRAINAGE<\/option><\/select><\/span> <\/label>\n\t<\/p>\n<\/div>\n<div class=\"row\">\n\t<p><label> Additional Information<br \/>\n<span class=\"wpcf7-form-control-wrap\" data-name=\"textarea\"><textarea cols=\"40\" rows=\"10\" class=\"wpcf7-form-control wpcf7-textarea\" aria-invalid=\"false\" name=\"textarea\"><\/textarea><\/span> <\/label>\n\t<\/p>\n<\/div>\n<p><input class=\"wpcf7-form-control wpcf7-submit has-spinner\" type=\"submit\" value=\"BOOK NOW\" \/>\n<\/p><div class=\"wpcf7-response-output\" aria-hidden=\"true\"><\/div>\n<\/form>\n<\/div>\n                        <\/div>\r\n                                    <\/div>\r\n\r\n                                    \r\n<div class=\"locations\">\r\n            <div class=\"location\">\r\n            <strong class=\"title\">Perfect Madero Las Terrenas<\/strong>\r\n            <span class=\"address\">8F85+PQQ, Las Terrenas 32000, Dominican Republic<\/span>\r\n            <div class=\"email\">\r\n                <i class=\"fa-solid fa-envelope\"><\/i>\r\n                <a href=\"mailto:info@perfect-maderocenter.com\">info@perfect-maderocenter.com<\/a>\r\n            <\/div>\r\n            <div class=\"phone\">\r\n                <i class=\"fa-solid fa-phone\"><\/i>\r\n                <a href=\"tel:+1 (829) 629-2391\">+1 (829) 629-2391<\/a>\r\n            <\/div>\r\n\r\n            <div class=\"google-maps\">\r\n                <iframe src=\"https:\/\/www.google.com\/maps\/embed?pb=!1m18!1m12!1m3!1d3765.207025591279!2d-69.540516!3d19.316820799999995!2m3!1f0!2f0!3f0!3m2!1i1024!2i768!4f13.1!3m3!1m2!1s0x8eaefb2edae79be1%3A0x3142fb3fecf9c49d!2sPerfect%20Madero%20Center%20Las%20Terrenas!5e0!3m2!1ssl!2ssi!4v1715243047479!5m2!1ssl!2ssi\" width=\"600\" height=\"450\" style=\"border:0;\" allowfullscreen=\"\" loading=\"lazy\" referrerpolicy=\"no-referrer-when-downgrade\"><\/iframe>            <\/div>\r\n        <\/div>\r\n            <div class=\"location\">\r\n            <strong class=\"title\">Perfect Madero Maribor<\/strong>\r\n            <span class=\"address\">Ulica \u0161kofa Maksimilijana Dr\u017ee\u010dnika 11, 2000 <br> Maribor, Slovenia<\/span>\r\n            <div class=\"email\">\r\n                <i class=\"fa-solid fa-envelope\"><\/i>\r\n                <a href=\"mailto:info@maderoterapija.si\">info@maderoterapija.si<\/a>\r\n            <\/div>\r\n            <div class=\"phone\">\r\n                <i class=\"fa-solid fa-phone\"><\/i>\r\n                <a href=\"tel:+386 31 445-802\">+386 31 445-802<\/a>\r\n            <\/div>\r\n\r\n            <div class=\"google-maps\">\r\n                <iframe src=\"https:\/\/www.google.com\/maps\/embed?pb=!1m18!1m12!1m3!1d2743.384746857837!2d15.647894977580748!3d46.55985637111293!2m3!1f0!2f0!3f0!3m2!1i1024!2i768!4f13.1!3m3!1m2!1s0x476f77a6800e6439%3A0xf939013517549df7!2sPerfectMadero%20Maderotherapy!5e0!3m2!1ssl!2ssi!4v1713428585248!5m2!1ssl!2ssi\" width=\"600\" height=\"450\" style=\"border:0;\" allowfullscreen=\"\" loading=\"lazy\" referrerpolicy=\"no-referrer-when-downgrade\"><\/iframe>            <\/div>\r\n        <\/div>\r\n    <\/div>\r\n                            <\/div>\r\n        <\/div>\r\n    <\/section>\r\n","protected":false},"excerpt":{"rendered":"","protected":false},"author":1,"featured_media":0,"parent":0,"menu_order":0,"comment_status":"closed","ping_status":"closed","template":"","meta":{"footnotes":""},"acf":[],"_links":{"self":[{"href":"https:\/\/perfect-maderocenter.com\/sl\/wp-json\/wp\/v2\/pages\/260"}],"collection":[{"href":"https:\/\/perfect-maderocenter.com\/sl\/wp-json\/wp\/v2\/pages"}],"about":[{"href":"https:\/\/perfect-maderocenter.com\/sl\/wp-json\/wp\/v2\/types\/page"}],"author":[{"embeddable":true,"href":"https:\/\/perfect-maderocenter.com\/sl\/wp-json\/wp\/v2\/users\/1"}],"replies":[{"embeddable":true,"href":"https:\/\/perfect-maderocenter.com\/sl\/wp-json\/wp\/v2\/comments?post=260"}],"version-history":[{"count":4,"href":"https:\/\/perfect-maderocenter.com\/sl\/wp-json\/wp\/v2\/pages\/260\/revisions"}],"predecessor-version":[{"id":556,"href":"https:\/\/perfect-maderocenter.com\/sl\/wp-json\/wp\/v2\/pages\/260\/revisions\/556"}],"wp:attachment":[{"href":"https:\/\/perfect-maderocenter.com\/sl\/wp-json\/wp\/v2\/media?parent=260"}],"curies":[{"name":"wp","href":"https:\/\/api.w.org\/{rel}","templated":true}]}}