{"id":650,"date":"2024-09-20T13:23:35","date_gmt":"2024-09-20T13:23:35","guid":{"rendered":"https:\/\/perfect-maderocenter.com\/tecaji\/"},"modified":"2024-10-16T15:14:09","modified_gmt":"2024-10-16T15:14:09","slug":"tecaji","status":"publish","type":"page","link":"https:\/\/perfect-maderocenter.com\/sl\/tecaji\/","title":{"rendered":"Te\u010daji"},"content":{"rendered":"\r\n<div class=\"banner\">\r\n    <div class=\"overlay\"><\/div>\r\n\r\n    <img decoding=\"async\" src=\"https:\/\/perfect-maderocenter.com\/wp-content\/uploads\/2024\/09\/foto_15-scaled.jpg\" alt=\"banner-img\">\r\n\r\n    <div class=\"texts\">\r\n        <p class=\"text\">Te\u010daji<\/p>\r\n    <\/div>\r\n<\/div>\r\n\r\n<script>\r\n    window.addEventListener(\"DOMContentLoaded\", () => {\r\n        const text = new SplitType(\".banner .texts .text\");\r\n\r\n        gsap.to(\".char\", {\r\n            y: 0,\r\n            stagger: 0.1,\r\n            delay: 0.1,\r\n            duration: 1,\r\n        });\r\n    });\r\n<\/script>\r\n\r\n\r\n<section class=\"text-content-block\">\r\n    <div class=\"container\">\r\n        <div class=\"text-content\">\r\n            \r\n                            <h1 class=\"main-title\">POPOLNA MADEROTERAPIJA 3 V 1 TE\u010cAJ<\/h1>\r\n            \r\n                            <span class=\"gold-text\">Zakaj je te\u010daj Perfect madero 3 v 1 tako popoln:<\/span>\r\n            \r\n                            <div class=\"description\">\r\n                    <p>prejmete 9 lesenih dodatkov za izvajanje maderoterapije.Obvladate tehniko, ki ustvarja sile stiskanja in dekompresije na telesu, s \u010dimer dosegate najbolj\u0161e rezultate pri odpravljanju celulita in odve\u010dne ma\u0161\u010dobe. Prejmete na\u0161o popolno iznajdbo za rezultate, dose\u017eene v polovici obi\u010dajnega \u010dasa \u2013 dvojno valj\u010dno orodje za maderoterapijo. 24\/7 osve\u017eite svoje znanje v na\u0161i spletni akademiji, kjer vas videi vodijo skozi klasi\u010dno, brazilsko in Perfectmadero maderoterapijo. Prejmete podroben protokol za izvajanje maderoterapije ter tudi znanje o tem, kako ustvariti svoje protokole. Te\u010daj je najbolj primeren za tiste, ki nimajo izku\u0161enj s transformacijo telesa, saj se nau\u010dite treh tehnik v enem dnevu za dosego popolnih rezultatov:<br>&#8211; Klasi\u010dna maderoterapija,<br>&#8211; Brazilska vakuumska maderoterapija, izvedena po metodi Perfectbody, in<br>&#8211; prejmete 9 lesenih dodatkov za izvajanje maderoterapije.     <\/p>\r\n                <\/div>\r\n                    <\/div>\r\n    <\/div>\r\n<\/section>\r\n\r\n\r\n<section class=\"text-content-block\">\r\n    <div class=\"container\">\r\n        <div class=\"text-content\">\r\n            \r\n            \r\n                            <span class=\"gold-text\">CENA TE\u010cAJA PERFECTMADERO VKLJU\u010cUJE:<\/span>\r\n            \r\n                            <div class=\"description\">\r\n                    <p>&#8211; Nabor lesenih orodij za klasi\u010dno maderoterapijo<br>&#8211; Nabor lesenih orodij za brazilsko maderoterapijo<br>&#8211; Dvojno valj\u010dno orodje za odpravljanje celulita<br>&#8211; Protokol po korakih<br>&#8211; Dostop do spletne akademije<br>&#8211; Potrdilo<br>&#8211; Podpora preko e-po\u0161te, osebno ali po telefonu <br><br> Prakti\u010dni del:<br>&#8211; Osnovna klasi\u010dna maderoterapija<br>&#8211; Brazilska maderoterapija<br>&#8211; Individualna maderoterapija<br>&#8211; Dvig zadnjice<br><br>\u0160tevilo udele\u017eencev te\u010daja je omejeno, zato se morate prijaviti in poravnati stro\u0161ke \u010dim prej, da si zagotovite mesto na te\u010daju. Te\u010daj Perfectmadero 3 v 1 zahteva, da imate model, na katerem boste vadili maderoterapijo ter se izobra\u017eevali in pridobivali znanje in spretnosti o maderoterapiji.<br> <\/p>\r\n                <\/div>\r\n                    <\/div>\r\n    <\/div>\r\n<\/section>\r\n\r\n\r\n<section class=\"text-content-block\">\r\n    <div class=\"container\">\r\n        <div class=\"text-content\">\r\n            \r\n            \r\n                            <span class=\"gold-text\">Te\u010daj Perfectmadero 3 v 1 za preoblikovanje telesa je zasnovan tako, da ga kot terapevt Perfectmadero \u017ee po enem dnevu lahko izvajate:<\/span>\r\n            \r\n                            <div class=\"description\">\r\n                    <p>1. Dovolj znanja<br>U\u010denje preko spleta \u2013 spletna akademija. Po prijavi na te\u010daj Perfectbody maderoterapije dobite dostop do spletne akademije, kjer najdete vse informacije v video obliki. Tako se lahko seznanite s teoreti\u010dnim delom in ga osve\u017eite med te\u010dajem. U\u010denje na te\u010daju \u2013 Na te\u010daju maderoterapije za\u010dnemo s teoreti\u010dnim delom, nato pa novo pridobljeno znanje apliciramo na prakti\u010dnih primerih na na\u0161ih modelih. Znanje, zapisano v knjigi Vodi\u010d za maderoterapijo \u2013 protokol po korakih, ki vas vodi skozi vsak korak izvajanja maderoterapije 3 v 1. U\u010denje preko spleta \u2013 spletna akademija.      <br><br>  2.\nEnough practical knowledge <br> Although our course is limited to one day only, we are available to you until you master the right technique of perfroming maderotherapy, we can offer you free practical lessons in our madero centre in Santo Domingo or Las Terrenas.   <br><br> Ker imamo leta izku\u0161enj na podro\u010dju transformacije telesa, verjamemo, da se vam ni treba u\u010diti iz lastnih napak, ampak lahko iz na\u0161ih. Zato vam med te\u010dajem in v na\u0161i spletni akademiji nudimo vsa na\u0161e dragoceno znanje, zlasti primere, ko rezultati niso bili dose\u017eeni, kdaj maderoterapija ni prava pot za transformacijo telesa in kdaj je treba zavrniti storitev stranki.  <br> Med te\u010dajem, ko boste delali na svojem modelu, boste pridobili izku\u0161nje o tem, kako dose\u010di popoln rezultat po samo eni seji maderoterapije. <\/p>\r\n                <\/div>\r\n                    <\/div>\r\n    <\/div>\r\n<\/section>\r\n\r\n\r\n<div class=\"banner\">\r\n    <div class=\"overlay\"><\/div>\r\n\r\n    <img decoding=\"async\" src=\"https:\/\/perfect-maderocenter.com\/wp-content\/uploads\/2024\/09\/perfect-body-shape-course-2-e1726838333359.png\" alt=\"banner-img\">\r\n\r\n    <div class=\"texts\">\r\n        <p class=\"text\"><\/p>\r\n    <\/div>\r\n<\/div>\r\n\r\n<script>\r\n    window.addEventListener(\"DOMContentLoaded\", () => {\r\n        const text = new SplitType(\".banner .texts .text\");\r\n\r\n        gsap.to(\".char\", {\r\n            y: 0,\r\n            stagger: 0.1,\r\n            delay: 0.1,\r\n            duration: 1,\r\n        });\r\n    });\r\n<\/script>\r\n\r\n\r\n<section class=\"text-content-block\">\r\n    <div class=\"container\">\r\n        <div class=\"text-content\">\r\n            \r\n                            <h1 class=\"main-title\">PERFECT BODY SHAPE Program<\/h1>\r\n            \r\n                            <span class=\"gold-text\">Oblikovanje idealne postave in Brazilska Limfna Drena\u017ea<\/span>\r\n            \r\n                            <div class=\"description\">\r\n                    <p>Program Popolna postava zdru\u017euje celovito razumevanje limfnega sistema, pomena fascij in pristopov k razstrupljanju telesa za dosego \u017eelenega cilja &#8211; popolne postave. Poleg teoreti\u010dnih osnov vam bomo razkrili tudi prakti\u010dne vaje in korake, ki vam bodo pomagali u\u010dinkovito in zdravo dose\u010di \u017eeleno postavo. <\/p>\r\n                <\/div>\r\n                    <\/div>\r\n    <\/div>\r\n<\/section>\r\n\r\n\r\n<section class=\"text-content-block\">\r\n    <div class=\"container\">\r\n        <div class=\"text-content\">\r\n            \r\n            \r\n                            <span class=\"gold-text\">Brazilska limfna drena\u017ea &#8211; osnove limfnega sistema<\/span>\r\n            \r\n                            <div class=\"description\">\r\n                    <p>Limfni sistem ima klju\u010dno vlogo pri ohranjanju ravnote\u017eja in zdravja telesa. V prvem delu te\u010daja bomo raziskali osnove limfnega sistema, njegovo delovanje in pomen pri izlo\u010danju strupenih snovi iz telesa. Razumevanje limfnega sistema nam omogo\u010da bolj\u0161e nadzorovanje telesa in ciljanje na podro\u010dja, ki jih \u017eelimo oblikovati.   <br><br> &#8211; Limfati\u010dno kartiranje in pomen: <br>Limpfati\u010dno kartiranje je izjemno orodje za analizo telesa stranke. S pomo\u010djo natan\u010dne analize lahko ugotovimo, kateri deli telesa potrebujejo posebno pozornost in vaje. Na te\u010daju boste pridobili ve\u0161\u010dine branja limfati\u010dnih kart in razumevanja njihovega pomena pri oblikovanju individualnega pristopa k strankam.   <br><br> &#8211; Vloga fascije in brazilske limfne drena\u017ee pri oblikovanju telesa: <br>Fascija je elasti\u010dno vezivno tkivo, ki obdaja mi\u0161ice in notranje organe. Pravilna nega in obravnava fascije sta klju\u010dnega pomena za doseganje bolj\u0161e postave. Na te\u010daju bomo raziskali, kako lahko pravilne vaje in tehnike vplivajo na fascijo ter izbolj\u0161ajo tonus in videz telesa.   <br><br> &#8211; Razstrupljanje telesa in brazilska limfna drena\u017ea za izbolj\u0161ano postavo: <br>Razstrupljanje telesa je klju\u010dnega pomena za odstranjevanje \u0161kodljivih snovi, ki se nabirajo v na\u0161em telesu. Na te\u010daju boste spoznali u\u010dinkovite metode razstrupljanja, ki podpirajo oblikovanje popolne postave in izbolj\u0161ujejo splo\u0161no po\u010dutje.  <br><br> &#8211; Posvetovanje in pogovor s strankami za prilagoditev individualnega programa: <br>Vsaka stranka je edinstvena, zato je pomembno razumeti njihove individualne potrebe in cilje. S pomo\u010djo ocenjevanja in pogovorov bomo pridobili celovite vpoglede v potrebe strank ter oblikovali program, ki najbolj ustreza njihovim \u017eeljam in zahtevam.  <br><br> &#8211; Indikacije in kontraindikacije za izvajanje te\u010daja: <br>Te\u010daj bo prav tako podal znanje o indikacijah in kontraindikacijah za izvajanje vaj Perfect Body Shape. To nam omogo\u010da, da odgovorno in varno delamo s strankami ter se izognemo morebitnim zapletom.  <br><br> &#8211; Kombinacija vaj za oblikovanje telesa z maderoterapijo za dodatne koristi: <br>Maderoterapija je tehnika, ki s pomo\u010djo lesenih pripomo\u010dkov spodbuja limfni sistem ter izbolj\u0161uje videz ko\u017ee in oblike telesa. Na te\u010daju boste spoznali, kako kombinirati vaje za oblikovanje telesa z maderoterapijo za doseganje maksimalnih rezultatov.  <br><br> &#8211; Oblikovanje individualnega paketa Perfect Body Shape za stranke: <br>Do konca te\u010daja boste sposobni sestaviti individualni paket vaj in terapij, ki bodo ustrezale specifi\u010dnim potrebam va\u0161ih strank. Tako boste lahko vsako stranko obravnavali individualno in ponudili naju\u010dinkovitej\u0161i pristop, ki bo zadovoljil njihove potrebe.  <br><br><br> The Perfect Body Shape course represents a comprehensive approach to shaping the ideal figure by combining theoretical foundations, practical exercises, and individual client treatment. The knowledge gained in the course will empower you to become an expert in body shaping, assisting your clients in achieving their goals on the path to the perfect figure. Remember that regular exercise and a healthy lifestyle are essential for achieving the best results.  <\/p>\r\n                <\/div>\r\n                    <\/div>\r\n    <\/div>\r\n<\/section>\r\n\r\n\r\n<section class=\"text-content-block\">\r\n    <div class=\"container\">\r\n        <div class=\"text-content\">\r\n                            <img decoding=\"async\" src=\"https:\/\/perfect-maderocenter.com\/wp-content\/uploads\/2024\/08\/387330786_314762164623314_732560905599910418_n.jpeg\" alt=\"image\" \/>\r\n            \r\n            \r\n                            <span class=\"gold-text\">Teorija te\u010daja:<\/span>\r\n            \r\n                            <div class=\"description\">\r\n                    <p>&#8211; Osnove limfnega sistema <br> &#8211; Limpfati\u010dno kartiranje in njegov pomen <br> &#8211; Vloga fascije pri oblikovanju telesa <br> &#8211; Razstrupljanje telesa za izbolj\u0161ano postavo <br> &#8211; Posvetovanje in pogovor s strankami za prilagoditev individualnega programa <br> &#8211; Indikacije in kontraindikacije za izvajanje te\u010daja <br> &#8211; Kombinacija vaj za oblikovanje telesa z maderoterapijo za dodatne koristi <br> &#8211; Oblikovanje individualnega paketa Perfect Body Shape za stranke <br> &#8211; Prakti\u010dni del te\u010daja Perfect Body Shape \u2013 oblikovanje idealne postave z brazilsko limfno drena\u017eo in oblikovanjem telesa <br> &#8211; Demonstracija gibov in vaj iz programa Perfect Body Shape <br> &#8211; Kategorizacija vaj za ciljno oblikovanje trebuha, nog, hrbta in rok <br>\n<br> Ob zaklju\u010dku te\u010daja boste prejeli: <br> \u2013 Priro\u010dnik s podrobnimi razlagami teorije in vaj <br> \u2013 Potrdilo o uspe\u0161no opravljenem te\u010daju <br> \u2013 Dostop do video akademije za stalno podporo pri vadbah doma<\/p>\r\n                <\/div>\r\n                    <\/div>\r\n    <\/div>\r\n<\/section>\r\n\r\n\r\n<section class=\"text-content-block\">\r\n    <div class=\"container\">\r\n        <div class=\"text-content\">\r\n            \r\n                            <h1 class=\"main-title\">Cenik<\/h1>\r\n            \r\n                            <span class=\"gold-text\">Podrobnosti o te\u010daju in cenah | Whatsapp: +1 (829) 629-2391<\/span>\r\n            \r\n                            <div class=\"description\">\r\n                    <p>Dan 1: Maderoterapija po metodi Perfect Body<br>Dan 2: Brazilska Limfna Drena\u017ea Popolna Oblika Telesa <br>Cena: 1.190 USD za en dan, ali 1.890 USD za oba dneva\u2014vklju\u010duje vso maderoterapijsko opremo! <br><br> Prihajamo iz Evrope, kjer smo v zadnjih 6 letih izvedli ve\u010d kot 500 te\u010dajev in izobrazili ve\u010d kot 1.100 terapevtov. Zdaj pa z navdu\u0161enjem prina\u0161amo to prilo\u017enost v Dominikansko republiko.  <br> Visokokakovostna, prilagojena oprema za maderoterapijo, izdelana v Evropi, z 2-letno garancijo. <br><br> Prijava na te\u010daj: <br>Whatsapp: +1 (829) 629-2391<\/p>\r\n                <\/div>\r\n                    <\/div>\r\n    <\/div>\r\n<\/section>\r\n\r\n\r\n<div class=\"banner\">\r\n    <div class=\"overlay\"><\/div>\r\n\r\n    <img decoding=\"async\" src=\"https:\/\/perfect-maderocenter.com\/wp-content\/uploads\/2024\/09\/perfect-body-shape-course-3-e1726839431221.png\" alt=\"banner-img\">\r\n\r\n    <div class=\"texts\">\r\n        <p class=\"text\"><\/p>\r\n    <\/div>\r\n<\/div>\r\n\r\n<script>\r\n    window.addEventListener(\"DOMContentLoaded\", () => {\r\n        const text = new SplitType(\".banner .texts .text\");\r\n\r\n        gsap.to(\".char\", {\r\n            y: 0,\r\n            stagger: 0.1,\r\n            delay: 0.1,\r\n            duration: 1,\r\n        });\r\n    });\r\n<\/script>\r\n\r\n    <section class=\"contact\" id=\"contact-us\">\r\n\r\n                    <img decoding=\"async\" class=\"background-image\" src=\"https:\/\/perfect-maderocenter.com\/wp-content\/uploads\/2024\/04\/image-11.jpg\" alt=\"contact-background-image\">\r\n        \r\n        <div class=\"container\">\r\n            <div class=\"contact-content\">\r\n                                    <h2 class=\"main-title\">Kontakt<\/h2>\r\n                \r\n                                    <span class=\"gold-text\">Informacije o te\u010dajih<\/span>\r\n                \r\n                <div class=\"box\">\r\n\r\n                                            <img decoding=\"async\" src=\"https:\/\/perfect-maderocenter.com\/wp-content\/uploads\/2024\/08\/WhatsApp_Image_2024-08-15_at_09.03.09-removebg-preview-e1723729171431.png\" alt=\"small-image\">\r\n                    \r\n                                            <div class=\"contact\">\r\n                            \n<div class=\"wpcf7 no-js\" id=\"wpcf7-f132-o1\" lang=\"en-US\" dir=\"ltr\">\n<div class=\"screen-reader-response\"><p role=\"status\" aria-live=\"polite\" aria-atomic=\"true\"><\/p> <ul><\/ul><\/div>\n<form action=\"\/sl\/wp-json\/wp\/v2\/pages\/650#wpcf7-f132-o1\" method=\"post\" class=\"wpcf7-form init\" aria-label=\"Contact form\" novalidate=\"novalidate\" data-status=\"init\">\n<div style=\"display: none;\">\n<input type=\"hidden\" name=\"_wpcf7\" value=\"132\" \/>\n<input type=\"hidden\" name=\"_wpcf7_version\" value=\"5.9.3\" \/>\n<input type=\"hidden\" name=\"_wpcf7_locale\" value=\"en_US\" \/>\n<input type=\"hidden\" name=\"_wpcf7_unit_tag\" value=\"wpcf7-f132-o1\" \/>\n<input type=\"hidden\" name=\"_wpcf7_container_post\" value=\"0\" \/>\n<input type=\"hidden\" name=\"_wpcf7_posted_data_hash\" value=\"\" \/>\n<\/div>\n<div class=\"row\">\n\t<p><label> Name<br \/>\n<span class=\"wpcf7-form-control-wrap\" data-name=\"your-name\"><input size=\"40\" class=\"wpcf7-form-control wpcf7-text wpcf7-validates-as-required\" autocomplete=\"name\" aria-required=\"true\" aria-invalid=\"false\" value=\"\" type=\"text\" name=\"your-name\" \/><\/span> <\/label>\n\t<\/p>\n\t<p><label> Last Name<br \/>\n<span class=\"wpcf7-form-control-wrap\" data-name=\"Lastname\"><input size=\"40\" class=\"wpcf7-form-control wpcf7-text wpcf7-validates-as-required\" autocomplete=\"lastname\" aria-required=\"true\" aria-invalid=\"false\" value=\"\" type=\"text\" name=\"Lastname\" \/><\/span> <\/label>\n\t<\/p>\n<\/div>\n<div class=\"row\">\n\t<p><label> E-mail<br \/>\n<span class=\"wpcf7-form-control-wrap\" data-name=\"email\"><input size=\"40\" class=\"wpcf7-form-control wpcf7-email wpcf7-validates-as-required wpcf7-text wpcf7-validates-as-email\" autocomplete=\"email\" aria-required=\"true\" aria-invalid=\"false\" value=\"\" type=\"email\" name=\"email\" \/><\/span> <\/label>\n\t<\/p>\n\t<p><label> Phone Number<br \/>\n<span class=\"wpcf7-form-control-wrap\" data-name=\"phone\"><input size=\"40\" class=\"wpcf7-form-control wpcf7-tel wpcf7-text wpcf7-validates-as-tel\" autocomplete=\"phone\" aria-invalid=\"false\" value=\"\" type=\"tel\" name=\"phone\" \/><\/span> <\/label>\n\t<\/p>\n<\/div>\n<div class=\"row\">\n\t<p><label> Choose Treatment<br \/>\n<span class=\"wpcf7-form-control-wrap\" data-name=\"treatment\"><select class=\"wpcf7-form-control wpcf7-select wpcf7-validates-as-required\" aria-required=\"true\" aria-invalid=\"false\" name=\"treatment\"><option value=\"MADEROTHERAPY\">MADEROTHERAPY<\/option><option value=\"X-BODY\">X-BODY<\/option><option value=\"BRAZILLIAN LYMPHATIC DRAINAGE\">BRAZILLIAN LYMPHATIC DRAINAGE<\/option><\/select><\/span> <\/label>\n\t<\/p>\n<\/div>\n<div class=\"row\">\n\t<p><label> Additional Information<br \/>\n<span class=\"wpcf7-form-control-wrap\" data-name=\"textarea\"><textarea cols=\"40\" rows=\"10\" class=\"wpcf7-form-control wpcf7-textarea\" aria-invalid=\"false\" name=\"textarea\"><\/textarea><\/span> <\/label>\n\t<\/p>\n<\/div>\n<p><input class=\"wpcf7-form-control wpcf7-submit has-spinner\" type=\"submit\" value=\"BOOK NOW\" \/>\n<\/p><div class=\"wpcf7-response-output\" aria-hidden=\"true\"><\/div>\n<\/form>\n<\/div>\n                        <\/div>\r\n                                    <\/div>\r\n\r\n                                    \r\n<div class=\"locations\">\r\n            <div class=\"location\">\r\n            <strong class=\"title\">Perfect Madero Las Terrenas<\/strong>\r\n            <span class=\"address\">8F85+PQQ, Las Terrenas 32000, Dominican Republic<\/span>\r\n            <div class=\"email\">\r\n                <i class=\"fa-solid fa-envelope\"><\/i>\r\n                <a href=\"mailto:info@perfect-maderocenter.com\">info@perfect-maderocenter.com<\/a>\r\n            <\/div>\r\n            <div class=\"phone\">\r\n                <i class=\"fa-solid fa-phone\"><\/i>\r\n                <a href=\"tel:+1 (829) 629-2391\">+1 (829) 629-2391<\/a>\r\n            <\/div>\r\n\r\n            <div class=\"google-maps\">\r\n                <iframe src=\"https:\/\/www.google.com\/maps\/embed?pb=!1m18!1m12!1m3!1d3765.207025591279!2d-69.540516!3d19.316820799999995!2m3!1f0!2f0!3f0!3m2!1i1024!2i768!4f13.1!3m3!1m2!1s0x8eaefb2edae79be1%3A0x3142fb3fecf9c49d!2sPerfect%20Madero%20Center%20Las%20Terrenas!5e0!3m2!1ssl!2ssi!4v1715243047479!5m2!1ssl!2ssi\" width=\"600\" height=\"450\" style=\"border:0;\" allowfullscreen=\"\" loading=\"lazy\" referrerpolicy=\"no-referrer-when-downgrade\"><\/iframe>            <\/div>\r\n        <\/div>\r\n            <div class=\"location\">\r\n            <strong class=\"title\">Perfect Madero Maribor<\/strong>\r\n            <span class=\"address\">Ulica \u0161kofa Maksimilijana Dr\u017ee\u010dnika 11, 2000 <br> Maribor, Slovenia<\/span>\r\n            <div class=\"email\">\r\n                <i class=\"fa-solid fa-envelope\"><\/i>\r\n                <a href=\"mailto:info@maderoterapija.si\">info@maderoterapija.si<\/a>\r\n            <\/div>\r\n            <div class=\"phone\">\r\n                <i class=\"fa-solid fa-phone\"><\/i>\r\n                <a href=\"tel:+386 31 445-802\">+386 31 445-802<\/a>\r\n            <\/div>\r\n\r\n            <div class=\"google-maps\">\r\n                <iframe src=\"https:\/\/www.google.com\/maps\/embed?pb=!1m18!1m12!1m3!1d2743.384746857837!2d15.647894977580748!3d46.55985637111293!2m3!1f0!2f0!3f0!3m2!1i1024!2i768!4f13.1!3m3!1m2!1s0x476f77a6800e6439%3A0xf939013517549df7!2sPerfectMadero%20Maderotherapy!5e0!3m2!1ssl!2ssi!4v1713428585248!5m2!1ssl!2ssi\" width=\"600\" height=\"450\" style=\"border:0;\" allowfullscreen=\"\" loading=\"lazy\" referrerpolicy=\"no-referrer-when-downgrade\"><\/iframe>            <\/div>\r\n        <\/div>\r\n    <\/div>\r\n                            <\/div>\r\n        <\/div>\r\n    <\/section>\r\n","protected":false},"excerpt":{"rendered":"","protected":false},"author":2,"featured_media":0,"parent":0,"menu_order":0,"comment_status":"closed","ping_status":"closed","template":"","meta":{"footnotes":""},"acf":[],"_links":{"self":[{"href":"https:\/\/perfect-maderocenter.com\/sl\/wp-json\/wp\/v2\/pages\/650"}],"collection":[{"href":"https:\/\/perfect-maderocenter.com\/sl\/wp-json\/wp\/v2\/pages"}],"about":[{"href":"https:\/\/perfect-maderocenter.com\/sl\/wp-json\/wp\/v2\/types\/page"}],"author":[{"embeddable":true,"href":"https:\/\/perfect-maderocenter.com\/sl\/wp-json\/wp\/v2\/users\/2"}],"replies":[{"embeddable":true,"href":"https:\/\/perfect-maderocenter.com\/sl\/wp-json\/wp\/v2\/comments?post=650"}],"version-history":[{"count":12,"href":"https:\/\/perfect-maderocenter.com\/sl\/wp-json\/wp\/v2\/pages\/650\/revisions"}],"predecessor-version":[{"id":761,"href":"https:\/\/perfect-maderocenter.com\/sl\/wp-json\/wp\/v2\/pages\/650\/revisions\/761"}],"wp:attachment":[{"href":"https:\/\/perfect-maderocenter.com\/sl\/wp-json\/wp\/v2\/media?parent=650"}],"curies":[{"name":"wp","href":"https:\/\/api.w.org\/{rel}","templated":true}]}}